{"id":2027,"date":"2020-06-09T10:54:34","date_gmt":"2020-06-09T13:54:34","guid":{"rendered":"http:\/\/gentedearte.org.ar\/2020\/?post_type=product&#038;p=2027"},"modified":"2024-05-21T15:22:07","modified_gmt":"2024-05-21T18:22:07","slug":"curso-dibujoypintura","status":"publish","type":"product","link":"http:\/\/gentedearte.org.ar\/2020\/producto\/curso-dibujoypintura\/","title":{"rendered":"Dibujo, Pintura y Expresividad Creativa"},"content":{"rendered":"<p>Curso de dibujo, pintura y expresividad creativa. J\u00d3VENES Y ADULTOS; incluye una clase semanal modalidad presencial<\/p>\n<p>M\u00e1s informaci\u00f3n <a href=\"http:\/\/gentedearte.org.ar\/2020\/dibujo-pintura-expresividad\/\">aqu\u00ed.<\/a><\/p>\n","protected":false},"excerpt":{"rendered":"<p>Curso de dibujo, pintura y expresividad creativa. J\u00d3VENES Y ADULTOS; incluye una clase semanal modalidad presencial M\u00e1s informaci\u00f3n aqu\u00ed.<\/p>\n","protected":false},"featured_media":3702,"template":"","meta":{"_uag_custom_page_level_css":"","site-sidebar-layout":"default","site-content-layout":"default","ast-site-content-layout":"","site-content-style":"default","site-sidebar-style":"default","ast-global-header-display":"","ast-banner-title-visibility":"","ast-main-header-display":"","ast-hfb-above-header-display":"","ast-hfb-below-header-display":"","ast-hfb-mobile-header-display":"","site-post-title":"","ast-breadcrumbs-content":"","ast-featured-img":"","footer-sml-layout":"","theme-transparent-header-meta":"default","adv-header-id-meta":"","stick-header-meta":"","header-above-stick-meta":"","header-main-stick-meta":"","header-below-stick-meta":"","astra-migrate-meta-layouts":"default","ast-page-background-enabled":"default","ast-page-background-meta":{"desktop":{"background-color":"var(--ast-global-color-4)","background-image":"","background-repeat":"repeat","background-position":"center center","background-size":"auto","background-attachment":"scroll","background-type":"","background-media":"","overlay-type":"","overlay-color":"","overlay-opacity":"","overlay-gradient":""},"tablet":{"background-color":"","background-image":"","background-repeat":"repeat","background-position":"center center","background-size":"auto","background-attachment":"scroll","background-type":"","background-media":"","overlay-type":"","overlay-color":"","overlay-opacity":"","overlay-gradient":""},"mobile":{"background-color":"","background-image":"","background-repeat":"repeat","background-position":"center center","background-size":"auto","background-attachment":"scroll","background-type":"","background-media":"","overlay-type":"","overlay-color":"","overlay-opacity":"","overlay-gradient":""}},"ast-content-background-meta":{"desktop":{"background-color":"var(--ast-global-color-5)","background-image":"","background-repeat":"repeat","background-position":"center center","background-size":"auto","background-attachment":"scroll","background-type":"","background-media":"","overlay-type":"","overlay-color":"","overlay-opacity":"","overlay-gradient":""},"tablet":{"background-color":"var(--ast-global-color-5)","background-image":"","background-repeat":"repeat","background-position":"center center","background-size":"auto","background-attachment":"scroll","background-type":"","background-media":"","overlay-type":"","overlay-color":"","overlay-opacity":"","overlay-gradient":""},"mobile":{"background-color":"var(--ast-global-color-5)","background-image":"","background-repeat":"repeat","background-position":"center center","background-size":"auto","background-attachment":"scroll","background-type":"","background-media":"","overlay-type":"","overlay-color":"","overlay-opacity":"","overlay-gradient":""}}},"product_brand":[],"product_cat":[41],"product_tag":[],"class_list":{"0":"post-2027","1":"product","2":"type-product","3":"status-publish","4":"has-post-thumbnail","6":"product_cat-escuela","7":"desktop-align-left","8":"tablet-align-left","9":"mobile-align-left","11":"first","12":"instock","13":"shipping-taxable","14":"purchasable","15":"product-type-simple"},"yoast_head":"<!-- This site is optimized with the Yoast SEO plugin v27.3 - https:\/\/yoast.com\/product\/yoast-seo-wordpress\/ -->\n<title>Dibujo, Pintura y Expresividad Creativa - Gente de Arte<\/title>\n<meta name=\"robots\" content=\"index, follow, max-snippet:-1, max-image-preview:large, max-video-preview:-1\" \/>\n<link rel=\"canonical\" href=\"http:\/\/gentedearte.org.ar\/2020\/producto\/curso-dibujoypintura\/\" \/>\n<meta property=\"og:locale\" content=\"es_ES\" \/>\n<meta property=\"og:type\" content=\"article\" \/>\n<meta property=\"og:title\" content=\"Dibujo, Pintura y Expresividad Creativa - Gente de Arte\" \/>\n<meta property=\"og:description\" content=\"Curso de dibujo, pintura y expresividad creativa. J\u00d3VENES Y ADULTOS; incluye una clase semanal modalidad presencial M\u00e1s informaci\u00f3n aqu\u00ed.\" \/>\n<meta property=\"og:url\" content=\"http:\/\/gentedearte.org.ar\/2020\/producto\/curso-dibujoypintura\/\" \/>\n<meta property=\"og:site_name\" content=\"Gente de Arte\" \/>\n<meta property=\"article:publisher\" content=\"https:\/\/www.facebook.com\/gentedearte\" \/>\n<meta property=\"article:modified_time\" content=\"2024-05-21T18:22:07+00:00\" \/>\n<meta property=\"og:image\" content=\"http:\/\/gentedearte.org.ar\/2020\/wp-content\/uploads\/salon-con-pintoras-1.jpg\" \/>\n\t<meta property=\"og:image:width\" content=\"1024\" \/>\n\t<meta property=\"og:image:height\" content=\"768\" \/>\n\t<meta property=\"og:image:type\" content=\"image\/jpeg\" \/>\n<meta name=\"twitter:card\" content=\"summary_large_image\" \/>\n<script type=\"application\/ld+json\" class=\"yoast-schema-graph\">{\"@context\":\"https:\\\/\\\/schema.org\",\"@graph\":[{\"@type\":\"WebPage\",\"@id\":\"http:\\\/\\\/gentedearte.org.ar\\\/2020\\\/producto\\\/curso-dibujoypintura\\\/\",\"url\":\"http:\\\/\\\/gentedearte.org.ar\\\/2020\\\/producto\\\/curso-dibujoypintura\\\/\",\"name\":\"Dibujo, Pintura y Expresividad Creativa - Gente de Arte\",\"isPartOf\":{\"@id\":\"http:\\\/\\\/gentedearte.org.ar\\\/2020\\\/#website\"},\"primaryImageOfPage\":{\"@id\":\"http:\\\/\\\/gentedearte.org.ar\\\/2020\\\/producto\\\/curso-dibujoypintura\\\/#primaryimage\"},\"image\":{\"@id\":\"http:\\\/\\\/gentedearte.org.ar\\\/2020\\\/producto\\\/curso-dibujoypintura\\\/#primaryimage\"},\"thumbnailUrl\":\"http:\\\/\\\/gentedearte.org.ar\\\/2020\\\/wp-content\\\/uploads\\\/salon-con-pintoras-1.jpg\",\"datePublished\":\"2020-06-09T13:54:34+00:00\",\"dateModified\":\"2024-05-21T18:22:07+00:00\",\"breadcrumb\":{\"@id\":\"http:\\\/\\\/gentedearte.org.ar\\\/2020\\\/producto\\\/curso-dibujoypintura\\\/#breadcrumb\"},\"inLanguage\":\"es\",\"potentialAction\":[{\"@type\":\"ReadAction\",\"target\":[\"http:\\\/\\\/gentedearte.org.ar\\\/2020\\\/producto\\\/curso-dibujoypintura\\\/\"]}]},{\"@type\":\"ImageObject\",\"inLanguage\":\"es\",\"@id\":\"http:\\\/\\\/gentedearte.org.ar\\\/2020\\\/producto\\\/curso-dibujoypintura\\\/#primaryimage\",\"url\":\"http:\\\/\\\/gentedearte.org.ar\\\/2020\\\/wp-content\\\/uploads\\\/salon-con-pintoras-1.jpg\",\"contentUrl\":\"http:\\\/\\\/gentedearte.org.ar\\\/2020\\\/wp-content\\\/uploads\\\/salon-con-pintoras-1.jpg\",\"width\":1024,\"height\":768},{\"@type\":\"BreadcrumbList\",\"@id\":\"http:\\\/\\\/gentedearte.org.ar\\\/2020\\\/producto\\\/curso-dibujoypintura\\\/#breadcrumb\",\"itemListElement\":[{\"@type\":\"ListItem\",\"position\":1,\"name\":\"Portada\",\"item\":\"http:\\\/\\\/gentedearte.org.ar\\\/2020\\\/\"},{\"@type\":\"ListItem\",\"position\":2,\"name\":\"Tienda\",\"item\":\"http:\\\/\\\/gentedearte.org.ar\\\/2020\\\/tienda\\\/\"},{\"@type\":\"ListItem\",\"position\":3,\"name\":\"Dibujo, Pintura y Expresividad Creativa\"}]},{\"@type\":\"WebSite\",\"@id\":\"http:\\\/\\\/gentedearte.org.ar\\\/2020\\\/#website\",\"url\":\"http:\\\/\\\/gentedearte.org.ar\\\/2020\\\/\",\"name\":\"Gente de Arte\",\"description\":\"Asociaci\u00f3n\",\"publisher\":{\"@id\":\"http:\\\/\\\/gentedearte.org.ar\\\/2020\\\/#organization\"},\"potentialAction\":[{\"@type\":\"SearchAction\",\"target\":{\"@type\":\"EntryPoint\",\"urlTemplate\":\"http:\\\/\\\/gentedearte.org.ar\\\/2020\\\/?s={search_term_string}\"},\"query-input\":{\"@type\":\"PropertyValueSpecification\",\"valueRequired\":true,\"valueName\":\"search_term_string\"}}],\"inLanguage\":\"es\"},{\"@type\":\"Organization\",\"@id\":\"http:\\\/\\\/gentedearte.org.ar\\\/2020\\\/#organization\",\"name\":\"Gente de Arte\",\"url\":\"http:\\\/\\\/gentedearte.org.ar\\\/2020\\\/\",\"logo\":{\"@type\":\"ImageObject\",\"inLanguage\":\"es\",\"@id\":\"http:\\\/\\\/gentedearte.org.ar\\\/2020\\\/#\\\/schema\\\/logo\\\/image\\\/\",\"url\":\"http:\\\/\\\/gentedearte.org.ar\\\/2020\\\/wp-content\\\/uploads\\\/2020\\\/03\\\/gentearte-logo-modificado-tamao-153x159-1.jpg\",\"contentUrl\":\"http:\\\/\\\/gentedearte.org.ar\\\/2020\\\/wp-content\\\/uploads\\\/2020\\\/03\\\/gentearte-logo-modificado-tamao-153x159-1.jpg\",\"width\":153,\"height\":159,\"caption\":\"Gente de Arte\"},\"image\":{\"@id\":\"http:\\\/\\\/gentedearte.org.ar\\\/2020\\\/#\\\/schema\\\/logo\\\/image\\\/\"},\"sameAs\":[\"https:\\\/\\\/www.facebook.com\\\/gentedearte\",\"https:\\\/\\\/www.instagram.com\\\/gente.de.arte\"]}]}<\/script>\n<!-- \/ Yoast SEO plugin. -->","yoast_head_json":{"title":"Dibujo, Pintura y Expresividad Creativa - Gente de Arte","robots":{"index":"index","follow":"follow","max-snippet":"max-snippet:-1","max-image-preview":"max-image-preview:large","max-video-preview":"max-video-preview:-1"},"canonical":"http:\/\/gentedearte.org.ar\/2020\/producto\/curso-dibujoypintura\/","og_locale":"es_ES","og_type":"article","og_title":"Dibujo, Pintura y Expresividad Creativa - Gente de Arte","og_description":"Curso de dibujo, pintura y expresividad creativa. J\u00d3VENES Y ADULTOS; incluye una clase semanal modalidad presencial M\u00e1s informaci\u00f3n aqu\u00ed.","og_url":"http:\/\/gentedearte.org.ar\/2020\/producto\/curso-dibujoypintura\/","og_site_name":"Gente de Arte","article_publisher":"https:\/\/www.facebook.com\/gentedearte","article_modified_time":"2024-05-21T18:22:07+00:00","og_image":[{"width":1024,"height":768,"url":"http:\/\/gentedearte.org.ar\/2020\/wp-content\/uploads\/salon-con-pintoras-1.jpg","type":"image\/jpeg"}],"twitter_card":"summary_large_image","schema":{"@context":"https:\/\/schema.org","@graph":[{"@type":"WebPage","@id":"http:\/\/gentedearte.org.ar\/2020\/producto\/curso-dibujoypintura\/","url":"http:\/\/gentedearte.org.ar\/2020\/producto\/curso-dibujoypintura\/","name":"Dibujo, Pintura y Expresividad Creativa - Gente de Arte","isPartOf":{"@id":"http:\/\/gentedearte.org.ar\/2020\/#website"},"primaryImageOfPage":{"@id":"http:\/\/gentedearte.org.ar\/2020\/producto\/curso-dibujoypintura\/#primaryimage"},"image":{"@id":"http:\/\/gentedearte.org.ar\/2020\/producto\/curso-dibujoypintura\/#primaryimage"},"thumbnailUrl":"http:\/\/gentedearte.org.ar\/2020\/wp-content\/uploads\/salon-con-pintoras-1.jpg","datePublished":"2020-06-09T13:54:34+00:00","dateModified":"2024-05-21T18:22:07+00:00","breadcrumb":{"@id":"http:\/\/gentedearte.org.ar\/2020\/producto\/curso-dibujoypintura\/#breadcrumb"},"inLanguage":"es","potentialAction":[{"@type":"ReadAction","target":["http:\/\/gentedearte.org.ar\/2020\/producto\/curso-dibujoypintura\/"]}]},{"@type":"ImageObject","inLanguage":"es","@id":"http:\/\/gentedearte.org.ar\/2020\/producto\/curso-dibujoypintura\/#primaryimage","url":"http:\/\/gentedearte.org.ar\/2020\/wp-content\/uploads\/salon-con-pintoras-1.jpg","contentUrl":"http:\/\/gentedearte.org.ar\/2020\/wp-content\/uploads\/salon-con-pintoras-1.jpg","width":1024,"height":768},{"@type":"BreadcrumbList","@id":"http:\/\/gentedearte.org.ar\/2020\/producto\/curso-dibujoypintura\/#breadcrumb","itemListElement":[{"@type":"ListItem","position":1,"name":"Portada","item":"http:\/\/gentedearte.org.ar\/2020\/"},{"@type":"ListItem","position":2,"name":"Tienda","item":"http:\/\/gentedearte.org.ar\/2020\/tienda\/"},{"@type":"ListItem","position":3,"name":"Dibujo, Pintura y Expresividad Creativa"}]},{"@type":"WebSite","@id":"http:\/\/gentedearte.org.ar\/2020\/#website","url":"http:\/\/gentedearte.org.ar\/2020\/","name":"Gente de Arte","description":"Asociaci\u00f3n","publisher":{"@id":"http:\/\/gentedearte.org.ar\/2020\/#organization"},"potentialAction":[{"@type":"SearchAction","target":{"@type":"EntryPoint","urlTemplate":"http:\/\/gentedearte.org.ar\/2020\/?s={search_term_string}"},"query-input":{"@type":"PropertyValueSpecification","valueRequired":true,"valueName":"search_term_string"}}],"inLanguage":"es"},{"@type":"Organization","@id":"http:\/\/gentedearte.org.ar\/2020\/#organization","name":"Gente de Arte","url":"http:\/\/gentedearte.org.ar\/2020\/","logo":{"@type":"ImageObject","inLanguage":"es","@id":"http:\/\/gentedearte.org.ar\/2020\/#\/schema\/logo\/image\/","url":"http:\/\/gentedearte.org.ar\/2020\/wp-content\/uploads\/2020\/03\/gentearte-logo-modificado-tamao-153x159-1.jpg","contentUrl":"http:\/\/gentedearte.org.ar\/2020\/wp-content\/uploads\/2020\/03\/gentearte-logo-modificado-tamao-153x159-1.jpg","width":153,"height":159,"caption":"Gente de Arte"},"image":{"@id":"http:\/\/gentedearte.org.ar\/2020\/#\/schema\/logo\/image\/"},"sameAs":["https:\/\/www.facebook.com\/gentedearte","https:\/\/www.instagram.com\/gente.de.arte"]}]}},"uagb_featured_image_src":{"full":["http:\/\/gentedearte.org.ar\/2020\/wp-content\/uploads\/salon-con-pintoras-1.jpg",1024,768,false],"thumbnail":["http:\/\/gentedearte.org.ar\/2020\/wp-content\/uploads\/salon-con-pintoras-1-150x150.jpg",150,150,true],"medium":["http:\/\/gentedearte.org.ar\/2020\/wp-content\/uploads\/salon-con-pintoras-1-300x225.jpg",300,225,true],"medium_large":["http:\/\/gentedearte.org.ar\/2020\/wp-content\/uploads\/salon-con-pintoras-1-768x576.jpg",768,576,true],"large":["http:\/\/gentedearte.org.ar\/2020\/wp-content\/uploads\/salon-con-pintoras-1.jpg",1024,768,false],"1536x1536":["http:\/\/gentedearte.org.ar\/2020\/wp-content\/uploads\/salon-con-pintoras-1.jpg",1024,768,false],"2048x2048":["http:\/\/gentedearte.org.ar\/2020\/wp-content\/uploads\/salon-con-pintoras-1.jpg",1024,768,false],"woocommerce_thumbnail":["http:\/\/gentedearte.org.ar\/2020\/wp-content\/uploads\/salon-con-pintoras-1-300x300.jpg",300,300,true],"woocommerce_single":["http:\/\/gentedearte.org.ar\/2020\/wp-content\/uploads\/salon-con-pintoras-1-600x450.jpg",600,450,true],"woocommerce_gallery_thumbnail":["http:\/\/gentedearte.org.ar\/2020\/wp-content\/uploads\/salon-con-pintoras-1-100x100.jpg",100,100,true]},"uagb_author_info":{"display_name":"Diego G\u00f3mez","author_link":"http:\/\/gentedearte.org.ar\/2020\/author\/"},"uagb_comment_info":0,"uagb_excerpt":"Curso de dibujo, pintura y expresividad creativa. J\u00d3VENES Y ADULTOS; incluye una clase semanal modalidad presencial M\u00e1s informaci\u00f3n aqu\u00ed.","_links":{"self":[{"href":"http:\/\/gentedearte.org.ar\/2020\/wp-json\/wp\/v2\/product\/2027","targetHints":{"allow":["GET"]}}],"collection":[{"href":"http:\/\/gentedearte.org.ar\/2020\/wp-json\/wp\/v2\/product"}],"about":[{"href":"http:\/\/gentedearte.org.ar\/2020\/wp-json\/wp\/v2\/types\/product"}],"wp:featuredmedia":[{"embeddable":true,"href":"http:\/\/gentedearte.org.ar\/2020\/wp-json\/wp\/v2\/media\/3702"}],"wp:attachment":[{"href":"http:\/\/gentedearte.org.ar\/2020\/wp-json\/wp\/v2\/media?parent=2027"}],"wp:term":[{"taxonomy":"product_brand","embeddable":true,"href":"http:\/\/gentedearte.org.ar\/2020\/wp-json\/wp\/v2\/product_brand?post=2027"},{"taxonomy":"product_cat","embeddable":true,"href":"http:\/\/gentedearte.org.ar\/2020\/wp-json\/wp\/v2\/product_cat?post=2027"},{"taxonomy":"product_tag","embeddable":true,"href":"http:\/\/gentedearte.org.ar\/2020\/wp-json\/wp\/v2\/product_tag?post=2027"}],"curies":[{"name":"wp","href":"https:\/\/api.w.org\/{rel}","templated":true}]}}