{"id":2273,"date":"2020-06-15T10:29:43","date_gmt":"2020-06-15T13:29:43","guid":{"rendered":"http:\/\/gentedearte.org.ar\/2020\/?page_id=2273"},"modified":"2021-03-21T09:34:06","modified_gmt":"2021-03-21T12:34:06","slug":"cursos-ninios","status":"publish","type":"page","link":"http:\/\/gentedearte.org.ar\/2020\/cursos-ninios\/","title":{"rendered":"Cursos para ni\u00f1os"},"content":{"rendered":"\t\t<div data-elementor-type=\"wp-page\" data-elementor-id=\"2273\" class=\"elementor elementor-2273\" data-elementor-post-type=\"page\">\n\t\t\t\t\t\t<section class=\"elementor-section elementor-top-section elementor-element elementor-element-5d88ebf elementor-section-boxed elementor-section-height-default elementor-section-height-default\" data-id=\"5d88ebf\" data-element_type=\"section\">\n\t\t\t\t\t\t<div class=\"elementor-container elementor-column-gap-default\">\n\t\t\t\t\t<div class=\"elementor-column elementor-col-100 elementor-top-column elementor-element elementor-element-069b6b2\" data-id=\"069b6b2\" data-element_type=\"column\">\n\t\t\t<div class=\"elementor-widget-wrap elementor-element-populated\">\n\t\t\t\t\t\t<section class=\"elementor-section elementor-inner-section elementor-element elementor-element-1512329 elementor-section-boxed elementor-section-height-default elementor-section-height-default\" data-id=\"1512329\" data-element_type=\"section\">\n\t\t\t\t\t\t<div class=\"elementor-container elementor-column-gap-default\">\n\t\t\t\t\t<div class=\"elementor-column elementor-col-100 elementor-inner-column elementor-element elementor-element-2011411\" data-id=\"2011411\" data-element_type=\"column\">\n\t\t\t<div class=\"elementor-widget-wrap elementor-element-populated\">\n\t\t\t\t\t\t<div class=\"elementor-element elementor-element-0d56360 elementor-widget elementor-widget-heading\" data-id=\"0d56360\" data-element_type=\"widget\" data-widget_type=\"heading.default\">\n\t\t\t\t\t<h2 class=\"elementor-heading-title elementor-size-default\">Cursos para Ni\u00f1os<\/h2>\t\t\t\t<\/div>\n\t\t\t\t<div class=\"elementor-element elementor-element-e5c605d elementor-widget elementor-widget-heading\" data-id=\"e5c605d\" data-element_type=\"widget\" data-widget_type=\"heading.default\">\n\t\t\t\t\t<h3 class=\"elementor-heading-title elementor-size-default\"><a href=\"http:\/\/gentedearte.org.ar\/2020\/modalidad-de-ensenanza\/\">modalidad presencial y\/o virtual<\/a><\/h3>\t\t\t\t<\/div>\n\t\t\t\t<div class=\"elementor-element elementor-element-f280269 elementor-widget elementor-widget-heading\" data-id=\"f280269\" data-element_type=\"widget\" data-widget_type=\"heading.default\">\n\t\t\t\t\t<h4 class=\"elementor-heading-title elementor-size-default\"><a href=\"http:\/\/gentedearte.org.ar\/2020\/modalidad-de-ensenanza\/\">m\u00e1s informaci\u00f3n aqu\u00ed<\/a><\/h4>\t\t\t\t<\/div>\n\t\t\t\t\t<\/div>\n\t\t<\/div>\n\t\t\t\t\t<\/div>\n\t\t<\/section>\n\t\t\t\t\t<\/div>\n\t\t<\/div>\n\t\t\t\t\t<\/div>\n\t\t<\/section>\n\t\t\t\t<section class=\"elementor-section elementor-top-section elementor-element elementor-element-cf10727 elementor-section-boxed elementor-section-height-default elementor-section-height-default\" data-id=\"cf10727\" data-element_type=\"section\">\n\t\t\t\t\t\t<div class=\"elementor-container elementor-column-gap-default\">\n\t\t\t\t\t<div class=\"elementor-column elementor-col-100 elementor-top-column elementor-element elementor-element-82092ff\" data-id=\"82092ff\" data-element_type=\"column\">\n\t\t\t<div class=\"elementor-widget-wrap elementor-element-populated\">\n\t\t\t\t\t\t<div class=\"elementor-element elementor-element-9b8bdc2 elementor-grid-4 elementor-grid-tablet-2 elementor-grid-mobile-1 elementor-posts--thumbnail-top elementor-card-shadow-yes elementor-posts__hover-gradient elementor-widget elementor-widget-posts\" data-id=\"9b8bdc2\" data-element_type=\"widget\" data-settings=\"{&quot;cards_columns&quot;:&quot;4&quot;,&quot;cards_row_gap&quot;:{&quot;unit&quot;:&quot;px&quot;,&quot;size&quot;:10,&quot;sizes&quot;:[]},&quot;cards_columns_tablet&quot;:&quot;2&quot;,&quot;cards_columns_mobile&quot;:&quot;1&quot;,&quot;cards_row_gap_tablet&quot;:{&quot;unit&quot;:&quot;px&quot;,&quot;size&quot;:&quot;&quot;,&quot;sizes&quot;:[]},&quot;cards_row_gap_mobile&quot;:{&quot;unit&quot;:&quot;px&quot;,&quot;size&quot;:&quot;&quot;,&quot;sizes&quot;:[]}}\" data-widget_type=\"posts.cards\">\n\t\t\t\t<div class=\"elementor-widget-container\">\n\t\t\t\t\t\t\t<div class=\"elementor-posts-container elementor-posts elementor-posts--skin-cards elementor-grid\" role=\"list\">\n\t\t\t\t<article class=\"elementor-post elementor-grid-item post-2414 post type-post status-publish format-standard hentry category-actividades tag-ninos\" role=\"listitem\">\n\t\t\t<div class=\"elementor-post__card\">\n\t\t\t\t<div class=\"elementor-post__text\">\n\t\t\t\t<h3 class=\"elementor-post__title\">\n\t\t\t<a href=\"http:\/\/gentedearte.org.ar\/2020\/actividades-creativas-para-ninos\/\" >\n\t\t\t\tActividades creativas para ni\u00f1os\t\t\t<\/a>\n\t\t<\/h3>\n\t\t\t\t<div class=\"elementor-post__excerpt\">\n\t\t\t<p>Una de las actividades del taller de arte y creatividad para ni\u00f1os:<\/p>\n\t\t<\/div>\n\t\t\n\t\t<a class=\"elementor-post__read-more\" href=\"http:\/\/gentedearte.org.ar\/2020\/actividades-creativas-para-ninos\/\" aria-label=\"Read more about Actividades creativas para ni\u00f1os\" tabindex=\"-1\" >\n\t\t\tLeer +\t\t<\/a>\n\n\t\t\t\t<\/div>\n\t\t\t\t\t<\/div>\n\t\t<\/article>\n\t\t\t\t<article class=\"elementor-post elementor-grid-item post-62 post type-post status-publish format-standard has-post-thumbnail hentry category-talleres tag-creatividad tag-ninos tag-online\" role=\"listitem\">\n\t\t\t<div class=\"elementor-post__card\">\n\t\t\t\t<a class=\"elementor-post__thumbnail__link\" href=\"http:\/\/gentedearte.org.ar\/2020\/arte-y-creatividad\/\" tabindex=\"-1\" ><div class=\"elementor-post__thumbnail\"><img fetchpriority=\"high\" decoding=\"async\" width=\"300\" height=\"200\" src=\"http:\/\/gentedearte.org.ar\/2020\/wp-content\/uploads\/t3d22gqvuqs-300x200.jpg\" class=\"attachment-medium size-medium wp-image-511\" alt=\"ni\u00f1os\" srcset=\"http:\/\/gentedearte.org.ar\/2020\/wp-content\/uploads\/\/t3d22gqvuqs-300x200.jpg 300w, http:\/\/gentedearte.org.ar\/2020\/wp-content\/uploads\/\/t3d22gqvuqs-600x400.jpg 600w, http:\/\/gentedearte.org.ar\/2020\/wp-content\/uploads\/\/t3d22gqvuqs-1024x683.jpg 1024w, http:\/\/gentedearte.org.ar\/2020\/wp-content\/uploads\/\/t3d22gqvuqs-768x512.jpg 768w, http:\/\/gentedearte.org.ar\/2020\/wp-content\/uploads\/\/t3d22gqvuqs-1536x1024.jpg 1536w, http:\/\/gentedearte.org.ar\/2020\/wp-content\/uploads\/\/t3d22gqvuqs-1200x800.jpg 1200w, http:\/\/gentedearte.org.ar\/2020\/wp-content\/uploads\/\/t3d22gqvuqs.jpg 1600w\" sizes=\"(max-width: 300px) 100vw, 300px\" \/><\/div><\/a>\n\t\t\t\t<div class=\"elementor-post__badge\">Talleres<\/div>\n\t\t\t\t<div class=\"elementor-post__text\">\n\t\t\t\t<h3 class=\"elementor-post__title\">\n\t\t\t<a href=\"http:\/\/gentedearte.org.ar\/2020\/arte-y-creatividad\/\" >\n\t\t\t\tArte y Creatividad para ni\u00f1os\t\t\t<\/a>\n\t\t<\/h3>\n\t\t\t\t<div class=\"elementor-post__excerpt\">\n\t\t\t<p>Profesora: BELEN YBALO D\u00cdAS: martes de 18 a 19.30 hs MODALIDAD: Presencial y Virtual El taller es un espacio que ofrece diversas herramientas a ni\u00f1as<\/p>\n\t\t<\/div>\n\t\t\n\t\t<a class=\"elementor-post__read-more\" href=\"http:\/\/gentedearte.org.ar\/2020\/arte-y-creatividad\/\" aria-label=\"Read more about Arte y Creatividad para ni\u00f1os\" tabindex=\"-1\" >\n\t\t\tLeer +\t\t<\/a>\n\n\t\t\t\t<\/div>\n\t\t\t\t\t<\/div>\n\t\t<\/article>\n\t\t\t\t<\/div>\n\t\t\n\t\t\t\t\t\t<\/div>\n\t\t\t\t<\/div>\n\t\t\t\t\t<\/div>\n\t\t<\/div>\n\t\t\t\t\t<\/div>\n\t\t<\/section>\n\t\t\t\t<\/div>\n\t\t","protected":false},"excerpt":{"rendered":"<p>Cursos para Ni\u00f1os modalidad presencial y\/o virtual m\u00e1s informaci\u00f3n aqu\u00ed<\/p>\n","protected":false},"author":3,"featured_media":0,"parent":0,"menu_order":0,"comment_status":"closed","ping_status":"closed","template":"","meta":{"_uag_custom_page_level_css":"","site-sidebar-layout":"no-sidebar","site-content-layout":"page-builder","ast-site-content-layout":"","site-content-style":"default","site-sidebar-style":"default","ast-global-header-display":"","ast-banner-title-visibility":"","ast-main-header-display":"","ast-hfb-above-header-display":"","ast-hfb-below-header-display":"","ast-hfb-mobile-header-display":"","site-post-title":"disabled","ast-breadcrumbs-content":"","ast-featured-img":"disabled","footer-sml-layout":"","theme-transparent-header-meta":"default","adv-header-id-meta":"","stick-header-meta":"","header-above-stick-meta":"","header-main-stick-meta":"","header-below-stick-meta":"","astra-migrate-meta-layouts":"default","ast-page-background-enabled":"default","ast-page-background-meta":{"desktop":{"background-color":"var(--ast-global-color-4)","background-image":"","background-repeat":"repeat","background-position":"center center","background-size":"auto","background-attachment":"scroll","background-type":"","background-media":"","overlay-type":"","overlay-color":"","overlay-opacity":"","overlay-gradient":""},"tablet":{"background-color":"","background-image":"","background-repeat":"repeat","background-position":"center center","background-size":"auto","background-attachment":"scroll","background-type":"","background-media":"","overlay-type":"","overlay-color":"","overlay-opacity":"","overlay-gradient":""},"mobile":{"background-color":"","background-image":"","background-repeat":"repeat","background-position":"center center","background-size":"auto","background-attachment":"scroll","background-type":"","background-media":"","overlay-type":"","overlay-color":"","overlay-opacity":"","overlay-gradient":""}},"ast-content-background-meta":{"desktop":{"background-color":"var(--ast-global-color-5)","background-image":"","background-repeat":"repeat","background-position":"center center","background-size":"auto","background-attachment":"scroll","background-type":"","background-media":"","overlay-type":"","overlay-color":"","overlay-opacity":"","overlay-gradient":""},"tablet":{"background-color":"var(--ast-global-color-5)","background-image":"","background-repeat":"repeat","background-position":"center center","background-size":"auto","background-attachment":"scroll","background-type":"","background-media":"","overlay-type":"","overlay-color":"","overlay-opacity":"","overlay-gradient":""},"mobile":{"background-color":"var(--ast-global-color-5)","background-image":"","background-repeat":"repeat","background-position":"center center","background-size":"auto","background-attachment":"scroll","background-type":"","background-media":"","overlay-type":"","overlay-color":"","overlay-opacity":"","overlay-gradient":""}},"footnotes":""},"class_list":["post-2273","page","type-page","status-publish","hentry"],"yoast_head":"<!-- This site is optimized with the Yoast SEO plugin v27.4 - https:\/\/yoast.com\/product\/yoast-seo-wordpress\/ -->\n<title>Cursos para ni\u00f1os - Gente de Arte<\/title>\n<meta name=\"description\" content=\"Cursos y talleres para ni\u00f1os, clases online y presenciales\" \/>\n<meta name=\"robots\" content=\"index, follow, max-snippet:-1, max-image-preview:large, max-video-preview:-1\" \/>\n<link rel=\"canonical\" href=\"http:\/\/gentedearte.org.ar\/2020\/cursos-ninios\/\" \/>\n<meta property=\"og:locale\" content=\"es_ES\" \/>\n<meta property=\"og:type\" content=\"article\" \/>\n<meta property=\"og:title\" content=\"Cursos para ni\u00f1os - Gente de Arte\" \/>\n<meta property=\"og:description\" content=\"Cursos y talleres para ni\u00f1os, clases online y presenciales\" \/>\n<meta property=\"og:url\" content=\"http:\/\/gentedearte.org.ar\/2020\/cursos-ninios\/\" \/>\n<meta property=\"og:site_name\" content=\"Gente de Arte\" \/>\n<meta property=\"article:publisher\" content=\"https:\/\/www.facebook.com\/gentedearte\" \/>\n<meta property=\"article:modified_time\" content=\"2021-03-21T12:34:06+00:00\" \/>\n<meta name=\"twitter:card\" content=\"summary_large_image\" \/>\n<script type=\"application\/ld+json\" class=\"yoast-schema-graph\">{\"@context\":\"https:\\\/\\\/schema.org\",\"@graph\":[{\"@type\":\"WebPage\",\"@id\":\"http:\\\/\\\/gentedearte.org.ar\\\/2020\\\/cursos-ninios\\\/\",\"url\":\"http:\\\/\\\/gentedearte.org.ar\\\/2020\\\/cursos-ninios\\\/\",\"name\":\"Cursos para ni\u00f1os - Gente de Arte\",\"isPartOf\":{\"@id\":\"http:\\\/\\\/gentedearte.org.ar\\\/2020\\\/#website\"},\"datePublished\":\"2020-06-15T13:29:43+00:00\",\"dateModified\":\"2021-03-21T12:34:06+00:00\",\"description\":\"Cursos y talleres para ni\u00f1os, clases online y presenciales\",\"breadcrumb\":{\"@id\":\"http:\\\/\\\/gentedearte.org.ar\\\/2020\\\/cursos-ninios\\\/#breadcrumb\"},\"inLanguage\":\"es\",\"potentialAction\":[{\"@type\":\"ReadAction\",\"target\":[\"http:\\\/\\\/gentedearte.org.ar\\\/2020\\\/cursos-ninios\\\/\"]}]},{\"@type\":\"BreadcrumbList\",\"@id\":\"http:\\\/\\\/gentedearte.org.ar\\\/2020\\\/cursos-ninios\\\/#breadcrumb\",\"itemListElement\":[{\"@type\":\"ListItem\",\"position\":1,\"name\":\"Portada\",\"item\":\"http:\\\/\\\/gentedearte.org.ar\\\/2020\\\/\"},{\"@type\":\"ListItem\",\"position\":2,\"name\":\"Cursos para ni\u00f1os\"}]},{\"@type\":\"WebSite\",\"@id\":\"http:\\\/\\\/gentedearte.org.ar\\\/2020\\\/#website\",\"url\":\"http:\\\/\\\/gentedearte.org.ar\\\/2020\\\/\",\"name\":\"Gente de Arte\",\"description\":\"Asociaci\u00f3n\",\"publisher\":{\"@id\":\"http:\\\/\\\/gentedearte.org.ar\\\/2020\\\/#organization\"},\"potentialAction\":[{\"@type\":\"SearchAction\",\"target\":{\"@type\":\"EntryPoint\",\"urlTemplate\":\"http:\\\/\\\/gentedearte.org.ar\\\/2020\\\/?s={search_term_string}\"},\"query-input\":{\"@type\":\"PropertyValueSpecification\",\"valueRequired\":true,\"valueName\":\"search_term_string\"}}],\"inLanguage\":\"es\"},{\"@type\":\"Organization\",\"@id\":\"http:\\\/\\\/gentedearte.org.ar\\\/2020\\\/#organization\",\"name\":\"Gente de Arte\",\"url\":\"http:\\\/\\\/gentedearte.org.ar\\\/2020\\\/\",\"logo\":{\"@type\":\"ImageObject\",\"inLanguage\":\"es\",\"@id\":\"http:\\\/\\\/gentedearte.org.ar\\\/2020\\\/#\\\/schema\\\/logo\\\/image\\\/\",\"url\":\"http:\\\/\\\/gentedearte.org.ar\\\/2020\\\/wp-content\\\/uploads\\\/2020\\\/03\\\/gentearte-logo-modificado-tamao-153x159-1.jpg\",\"contentUrl\":\"http:\\\/\\\/gentedearte.org.ar\\\/2020\\\/wp-content\\\/uploads\\\/2020\\\/03\\\/gentearte-logo-modificado-tamao-153x159-1.jpg\",\"width\":153,\"height\":159,\"caption\":\"Gente de Arte\"},\"image\":{\"@id\":\"http:\\\/\\\/gentedearte.org.ar\\\/2020\\\/#\\\/schema\\\/logo\\\/image\\\/\"},\"sameAs\":[\"https:\\\/\\\/www.facebook.com\\\/gentedearte\",\"https:\\\/\\\/www.instagram.com\\\/gente.de.arte\"]}]}<\/script>\n<!-- \/ Yoast SEO plugin. -->","yoast_head_json":{"title":"Cursos para ni\u00f1os - Gente de Arte","description":"Cursos y talleres para ni\u00f1os, clases online y presenciales","robots":{"index":"index","follow":"follow","max-snippet":"max-snippet:-1","max-image-preview":"max-image-preview:large","max-video-preview":"max-video-preview:-1"},"canonical":"http:\/\/gentedearte.org.ar\/2020\/cursos-ninios\/","og_locale":"es_ES","og_type":"article","og_title":"Cursos para ni\u00f1os - Gente de Arte","og_description":"Cursos y talleres para ni\u00f1os, clases online y presenciales","og_url":"http:\/\/gentedearte.org.ar\/2020\/cursos-ninios\/","og_site_name":"Gente de Arte","article_publisher":"https:\/\/www.facebook.com\/gentedearte","article_modified_time":"2021-03-21T12:34:06+00:00","twitter_card":"summary_large_image","schema":{"@context":"https:\/\/schema.org","@graph":[{"@type":"WebPage","@id":"http:\/\/gentedearte.org.ar\/2020\/cursos-ninios\/","url":"http:\/\/gentedearte.org.ar\/2020\/cursos-ninios\/","name":"Cursos para ni\u00f1os - Gente de Arte","isPartOf":{"@id":"http:\/\/gentedearte.org.ar\/2020\/#website"},"datePublished":"2020-06-15T13:29:43+00:00","dateModified":"2021-03-21T12:34:06+00:00","description":"Cursos y talleres para ni\u00f1os, clases online y presenciales","breadcrumb":{"@id":"http:\/\/gentedearte.org.ar\/2020\/cursos-ninios\/#breadcrumb"},"inLanguage":"es","potentialAction":[{"@type":"ReadAction","target":["http:\/\/gentedearte.org.ar\/2020\/cursos-ninios\/"]}]},{"@type":"BreadcrumbList","@id":"http:\/\/gentedearte.org.ar\/2020\/cursos-ninios\/#breadcrumb","itemListElement":[{"@type":"ListItem","position":1,"name":"Portada","item":"http:\/\/gentedearte.org.ar\/2020\/"},{"@type":"ListItem","position":2,"name":"Cursos para ni\u00f1os"}]},{"@type":"WebSite","@id":"http:\/\/gentedearte.org.ar\/2020\/#website","url":"http:\/\/gentedearte.org.ar\/2020\/","name":"Gente de Arte","description":"Asociaci\u00f3n","publisher":{"@id":"http:\/\/gentedearte.org.ar\/2020\/#organization"},"potentialAction":[{"@type":"SearchAction","target":{"@type":"EntryPoint","urlTemplate":"http:\/\/gentedearte.org.ar\/2020\/?s={search_term_string}"},"query-input":{"@type":"PropertyValueSpecification","valueRequired":true,"valueName":"search_term_string"}}],"inLanguage":"es"},{"@type":"Organization","@id":"http:\/\/gentedearte.org.ar\/2020\/#organization","name":"Gente de Arte","url":"http:\/\/gentedearte.org.ar\/2020\/","logo":{"@type":"ImageObject","inLanguage":"es","@id":"http:\/\/gentedearte.org.ar\/2020\/#\/schema\/logo\/image\/","url":"http:\/\/gentedearte.org.ar\/2020\/wp-content\/uploads\/2020\/03\/gentearte-logo-modificado-tamao-153x159-1.jpg","contentUrl":"http:\/\/gentedearte.org.ar\/2020\/wp-content\/uploads\/2020\/03\/gentearte-logo-modificado-tamao-153x159-1.jpg","width":153,"height":159,"caption":"Gente de Arte"},"image":{"@id":"http:\/\/gentedearte.org.ar\/2020\/#\/schema\/logo\/image\/"},"sameAs":["https:\/\/www.facebook.com\/gentedearte","https:\/\/www.instagram.com\/gente.de.arte"]}]}},"uagb_featured_image_src":{"full":false,"thumbnail":false,"medium":false,"medium_large":false,"large":false,"1536x1536":false,"2048x2048":false,"woocommerce_thumbnail":false,"woocommerce_single":false,"woocommerce_gallery_thumbnail":false},"uagb_author_info":{"display_name":"Diego G\u00f3mez","author_link":"http:\/\/gentedearte.org.ar\/2020\/author\/diegog\/"},"uagb_comment_info":0,"uagb_excerpt":"Cursos para Ni\u00f1os modalidad presencial y\/o virtual m\u00e1s informaci\u00f3n aqu\u00ed","_links":{"self":[{"href":"http:\/\/gentedearte.org.ar\/2020\/wp-json\/wp\/v2\/pages\/2273","targetHints":{"allow":["GET"]}}],"collection":[{"href":"http:\/\/gentedearte.org.ar\/2020\/wp-json\/wp\/v2\/pages"}],"about":[{"href":"http:\/\/gentedearte.org.ar\/2020\/wp-json\/wp\/v2\/types\/page"}],"author":[{"embeddable":true,"href":"http:\/\/gentedearte.org.ar\/2020\/wp-json\/wp\/v2\/users\/3"}],"replies":[{"embeddable":true,"href":"http:\/\/gentedearte.org.ar\/2020\/wp-json\/wp\/v2\/comments?post=2273"}],"version-history":[{"count":7,"href":"http:\/\/gentedearte.org.ar\/2020\/wp-json\/wp\/v2\/pages\/2273\/revisions"}],"predecessor-version":[{"id":2492,"href":"http:\/\/gentedearte.org.ar\/2020\/wp-json\/wp\/v2\/pages\/2273\/revisions\/2492"}],"wp:attachment":[{"href":"http:\/\/gentedearte.org.ar\/2020\/wp-json\/wp\/v2\/media?parent=2273"}],"curies":[{"name":"wp","href":"https:\/\/api.w.org\/{rel}","templated":true}]}}