{"id":2040,"date":"2020-06-09T11:49:43","date_gmt":"2020-06-09T14:49:43","guid":{"rendered":"http:\/\/gentedearte.org.ar\/2020\/?page_id=2040"},"modified":"2021-03-21T09:34:09","modified_gmt":"2021-03-21T12:34:09","slug":"modalidad-de-ensenanza","status":"publish","type":"page","link":"http:\/\/gentedearte.org.ar\/2020\/modalidad-de-ensenanza\/","title":{"rendered":"Modalidades de ense\u00f1anza disponibles"},"content":{"rendered":"\n<p>La asociaci\u00f3n cuenta con distintas posibilidades de capacitaci\u00f3n dependiendo de cada curso ( consulte en la descripci\u00f3n individual de cada uno para saber cual modalidad est\u00e1 disponible )<\/p>\n\n\n\n<h2 class=\"wp-block-heading\">Presencial<\/h2>\n\n\n\n<div class=\"wp-block-image\"><figure class=\"alignright size-large is-resized\"><img decoding=\"async\" src=\"http:\/\/gentedearte.org.ar\/2020\/wp-content\/uploads\/z-fq3wbvfmu-1024x768.jpg\" alt=\"clases\" class=\"wp-image-2060\" width=\"229\" height=\"172\" srcset=\"http:\/\/gentedearte.org.ar\/2020\/wp-content\/uploads\/\/z-fq3wbvfmu-1024x768.jpg 1024w, http:\/\/gentedearte.org.ar\/2020\/wp-content\/uploads\/\/z-fq3wbvfmu-300x225.jpg 300w, http:\/\/gentedearte.org.ar\/2020\/wp-content\/uploads\/\/z-fq3wbvfmu-768x576.jpg 768w, http:\/\/gentedearte.org.ar\/2020\/wp-content\/uploads\/\/z-fq3wbvfmu-1536x1152.jpg 1536w, http:\/\/gentedearte.org.ar\/2020\/wp-content\/uploads\/\/z-fq3wbvfmu-2048x1536.jpg 2048w, http:\/\/gentedearte.org.ar\/2020\/wp-content\/uploads\/\/z-fq3wbvfmu-1320x990.jpg 1320w, http:\/\/gentedearte.org.ar\/2020\/wp-content\/uploads\/\/z-fq3wbvfmu-600x450.jpg 600w\" sizes=\"(max-width: 229px) 100vw, 229px\" \/><\/figure><\/div>\n\n\n\n<p>Es el modo tradicional, el alumno concurre en personas a las aulas de nuestra sede en Avellaneda, en los d\u00edas y horarios correspondientes al curso en que se inscribi\u00f3.<\/p>\n\n\n\n<h3 class=\"wp-block-heading\">Formaci\u00f3n a distancia<\/h3>\n\n\n\n<h2 class=\"wp-block-heading\">Virtual en vivo: <\/h2>\n\n\n\n<div class=\"wp-block-image\"><figure class=\"alignright size-large is-resized\"><img decoding=\"async\" src=\"http:\/\/gentedearte.org.ar\/2020\/wp-content\/uploads\/byglq32wjx8-1024x768.jpg\" alt=\"virtual en vivo\" class=\"wp-image-2055\" width=\"226\" height=\"170\" srcset=\"http:\/\/gentedearte.org.ar\/2020\/wp-content\/uploads\/\/byglq32wjx8-1024x768.jpg 1024w, http:\/\/gentedearte.org.ar\/2020\/wp-content\/uploads\/\/byglq32wjx8-300x225.jpg 300w, http:\/\/gentedearte.org.ar\/2020\/wp-content\/uploads\/\/byglq32wjx8-768x576.jpg 768w, http:\/\/gentedearte.org.ar\/2020\/wp-content\/uploads\/\/byglq32wjx8-1536x1152.jpg 1536w, http:\/\/gentedearte.org.ar\/2020\/wp-content\/uploads\/\/byglq32wjx8-2048x1536.jpg 2048w, http:\/\/gentedearte.org.ar\/2020\/wp-content\/uploads\/\/byglq32wjx8-1320x990.jpg 1320w, http:\/\/gentedearte.org.ar\/2020\/wp-content\/uploads\/\/byglq32wjx8-600x450.jpg 600w\" sizes=\"(max-width: 226px) 100vw, 226px\" \/><\/figure><\/div>\n\n\n\n<p>Se trata de clases online en un aula virtual. El alumno remotamente desde su casa sigue en vivo la clase brindada por el profesor, ingresando al aula virtual indicada en el curso en los d\u00edas y horarios asignados. En general deber\u00e1 contar con el kit correspondiente al curso para poder lleva adelante la sesi\u00f3n.<\/p>\n\n\n\n<h2 class=\"wp-block-heading\">Virtual Grabada<\/h2>\n\n\n\n<div class=\"wp-block-image\"><figure class=\"alignright size-large is-resized\"><img decoding=\"async\" src=\"http:\/\/gentedearte.org.ar\/2020\/wp-content\/uploads\/4-eetnac1s4-1024x683.jpg\" alt=\"clase virtual grabada\" class=\"wp-image-2057\" width=\"226\" height=\"150\" srcset=\"http:\/\/gentedearte.org.ar\/2020\/wp-content\/uploads\/\/4-eetnac1s4-1024x683.jpg 1024w, http:\/\/gentedearte.org.ar\/2020\/wp-content\/uploads\/\/4-eetnac1s4-300x200.jpg 300w, http:\/\/gentedearte.org.ar\/2020\/wp-content\/uploads\/\/4-eetnac1s4-768x512.jpg 768w, http:\/\/gentedearte.org.ar\/2020\/wp-content\/uploads\/\/4-eetnac1s4-391x260.jpg 391w, http:\/\/gentedearte.org.ar\/2020\/wp-content\/uploads\/\/4-eetnac1s4-1536x1024.jpg 1536w, http:\/\/gentedearte.org.ar\/2020\/wp-content\/uploads\/\/4-eetnac1s4-2048x1365.jpg 2048w, http:\/\/gentedearte.org.ar\/2020\/wp-content\/uploads\/\/4-eetnac1s4-1320x880.jpg 1320w, http:\/\/gentedearte.org.ar\/2020\/wp-content\/uploads\/\/4-eetnac1s4-600x400.jpg 600w\" sizes=\"(max-width: 226px) 100vw, 226px\" \/><\/figure><\/div>\n\n\n\n<p>Algunos cursos est\u00e1n disponibles para que el alumno pueda tomarlos en cualquier momento, sin restricci\u00f3n de d\u00edas y horario siguiendo el material audiovisual creado especialmente en la web. En esta modalidad cierto ex\u00e1menes pueden ser tomados en modo presencial o virtual en vivo.<\/p>\n\n\n\n<h2 class=\"wp-block-heading\">Modalidad mixta: presencial y online<\/h2>\n\n\n\n<p>Contamos con cursos que cuentan con la posibilidad de poder cursar en persona o remotamente indistintamente, para los casos en que el alumno no pueda asistir en persona a alguna clase en particular, pudiendo continuar su formaci\u00f3n sin necisidad de recuperar la clase perdida o pudiendo tomar la tolidad del curso en forma remota.<\/p>\n","protected":false},"excerpt":{"rendered":"<p>La asociaci\u00f3n cuenta con distintas posibilidades de capacitaci\u00f3n dependiendo de cada curso ( consulte en la descripci\u00f3n individual de cada uno para saber cual modalidad est\u00e1 disponible ) Presencial Es el modo tradicional, el alumno concurre en personas a las aulas de nuestra sede en Avellaneda, en los d\u00edas y horarios correspondientes al curso en [&hellip;]<\/p>\n","protected":false},"author":3,"featured_media":0,"parent":0,"menu_order":0,"comment_status":"closed","ping_status":"closed","template":"","meta":{"_uag_custom_page_level_css":"","site-sidebar-layout":"default","site-content-layout":"boxed-container","ast-site-content-layout":"","site-content-style":"default","site-sidebar-style":"default","ast-global-header-display":"","ast-banner-title-visibility":"","ast-main-header-display":"","ast-hfb-above-header-display":"","ast-hfb-below-header-display":"","ast-hfb-mobile-header-display":"","site-post-title":"","ast-breadcrumbs-content":"","ast-featured-img":"","footer-sml-layout":"","theme-transparent-header-meta":"default","adv-header-id-meta":"","stick-header-meta":"","header-above-stick-meta":"","header-main-stick-meta":"","header-below-stick-meta":"","astra-migrate-meta-layouts":"default","ast-page-background-enabled":"default","ast-page-background-meta":{"desktop":{"background-color":"var(--ast-global-color-4)","background-image":"","background-repeat":"repeat","background-position":"center center","background-size":"auto","background-attachment":"scroll","background-type":"","background-media":"","overlay-type":"","overlay-color":"","overlay-opacity":"","overlay-gradient":""},"tablet":{"background-color":"","background-image":"","background-repeat":"repeat","background-position":"center center","background-size":"auto","background-attachment":"scroll","background-type":"","background-media":"","overlay-type":"","overlay-color":"","overlay-opacity":"","overlay-gradient":""},"mobile":{"background-color":"","background-image":"","background-repeat":"repeat","background-position":"center center","background-size":"auto","background-attachment":"scroll","background-type":"","background-media":"","overlay-type":"","overlay-color":"","overlay-opacity":"","overlay-gradient":""}},"ast-content-background-meta":{"desktop":{"background-color":"var(--ast-global-color-5)","background-image":"","background-repeat":"repeat","background-position":"center center","background-size":"auto","background-attachment":"scroll","background-type":"","background-media":"","overlay-type":"","overlay-color":"","overlay-opacity":"","overlay-gradient":""},"tablet":{"background-color":"var(--ast-global-color-5)","background-image":"","background-repeat":"repeat","background-position":"center center","background-size":"auto","background-attachment":"scroll","background-type":"","background-media":"","overlay-type":"","overlay-color":"","overlay-opacity":"","overlay-gradient":""},"mobile":{"background-color":"var(--ast-global-color-5)","background-image":"","background-repeat":"repeat","background-position":"center center","background-size":"auto","background-attachment":"scroll","background-type":"","background-media":"","overlay-type":"","overlay-color":"","overlay-opacity":"","overlay-gradient":""}},"footnotes":""},"class_list":["post-2040","page","type-page","status-publish","hentry"],"yoast_head":"<!-- This site is optimized with the Yoast SEO plugin v27.4 - https:\/\/yoast.com\/product\/yoast-seo-wordpress\/ -->\n<title>Modalidades de ense\u00f1anza disponibles - Gente de Arte<\/title>\n<meta name=\"robots\" content=\"index, follow, max-snippet:-1, max-image-preview:large, max-video-preview:-1\" \/>\n<link rel=\"canonical\" href=\"http:\/\/gentedearte.org.ar\/2020\/modalidad-de-ensenanza\/\" \/>\n<meta property=\"og:locale\" content=\"es_ES\" \/>\n<meta property=\"og:type\" content=\"article\" \/>\n<meta property=\"og:title\" content=\"Modalidades de ense\u00f1anza disponibles - Gente de Arte\" \/>\n<meta property=\"og:description\" content=\"La asociaci\u00f3n cuenta con distintas posibilidades de capacitaci\u00f3n dependiendo de cada curso ( consulte en la descripci\u00f3n individual de cada uno para saber cual modalidad est\u00e1 disponible ) Presencial Es el modo tradicional, el alumno concurre en personas a las aulas de nuestra sede en Avellaneda, en los d\u00edas y horarios correspondientes al curso en [&hellip;]\" \/>\n<meta property=\"og:url\" content=\"http:\/\/gentedearte.org.ar\/2020\/modalidad-de-ensenanza\/\" \/>\n<meta property=\"og:site_name\" content=\"Gente de Arte\" \/>\n<meta property=\"article:publisher\" content=\"https:\/\/www.facebook.com\/gentedearte\" \/>\n<meta property=\"article:modified_time\" content=\"2021-03-21T12:34:09+00:00\" \/>\n<meta property=\"og:image\" content=\"http:\/\/gentedearte.org.ar\/2020\/wp-content\/uploads\/z-fq3wbvfmu-1024x768.jpg\" \/>\n<meta name=\"twitter:card\" content=\"summary_large_image\" \/>\n<script type=\"application\/ld+json\" class=\"yoast-schema-graph\">{\"@context\":\"https:\\\/\\\/schema.org\",\"@graph\":[{\"@type\":\"WebPage\",\"@id\":\"http:\\\/\\\/gentedearte.org.ar\\\/2020\\\/modalidad-de-ensenanza\\\/\",\"url\":\"http:\\\/\\\/gentedearte.org.ar\\\/2020\\\/modalidad-de-ensenanza\\\/\",\"name\":\"Modalidades de ense\u00f1anza disponibles - Gente de Arte\",\"isPartOf\":{\"@id\":\"http:\\\/\\\/gentedearte.org.ar\\\/2020\\\/#website\"},\"primaryImageOfPage\":{\"@id\":\"http:\\\/\\\/gentedearte.org.ar\\\/2020\\\/modalidad-de-ensenanza\\\/#primaryimage\"},\"image\":{\"@id\":\"http:\\\/\\\/gentedearte.org.ar\\\/2020\\\/modalidad-de-ensenanza\\\/#primaryimage\"},\"thumbnailUrl\":\"http:\\\/\\\/gentedearte.org.ar\\\/2020\\\/wp-content\\\/uploads\\\/z-fq3wbvfmu-1024x768.jpg\",\"datePublished\":\"2020-06-09T14:49:43+00:00\",\"dateModified\":\"2021-03-21T12:34:09+00:00\",\"breadcrumb\":{\"@id\":\"http:\\\/\\\/gentedearte.org.ar\\\/2020\\\/modalidad-de-ensenanza\\\/#breadcrumb\"},\"inLanguage\":\"es\",\"potentialAction\":[{\"@type\":\"ReadAction\",\"target\":[\"http:\\\/\\\/gentedearte.org.ar\\\/2020\\\/modalidad-de-ensenanza\\\/\"]}]},{\"@type\":\"ImageObject\",\"inLanguage\":\"es\",\"@id\":\"http:\\\/\\\/gentedearte.org.ar\\\/2020\\\/modalidad-de-ensenanza\\\/#primaryimage\",\"url\":\"http:\\\/\\\/gentedearte.org.ar\\\/2020\\\/wp-content\\\/uploads\\\/z-fq3wbvfmu-1024x768.jpg\",\"contentUrl\":\"http:\\\/\\\/gentedearte.org.ar\\\/2020\\\/wp-content\\\/uploads\\\/z-fq3wbvfmu-1024x768.jpg\"},{\"@type\":\"BreadcrumbList\",\"@id\":\"http:\\\/\\\/gentedearte.org.ar\\\/2020\\\/modalidad-de-ensenanza\\\/#breadcrumb\",\"itemListElement\":[{\"@type\":\"ListItem\",\"position\":1,\"name\":\"Portada\",\"item\":\"http:\\\/\\\/gentedearte.org.ar\\\/2020\\\/\"},{\"@type\":\"ListItem\",\"position\":2,\"name\":\"Modalidades de ense\u00f1anza disponibles\"}]},{\"@type\":\"WebSite\",\"@id\":\"http:\\\/\\\/gentedearte.org.ar\\\/2020\\\/#website\",\"url\":\"http:\\\/\\\/gentedearte.org.ar\\\/2020\\\/\",\"name\":\"Gente de Arte\",\"description\":\"Asociaci\u00f3n\",\"publisher\":{\"@id\":\"http:\\\/\\\/gentedearte.org.ar\\\/2020\\\/#organization\"},\"potentialAction\":[{\"@type\":\"SearchAction\",\"target\":{\"@type\":\"EntryPoint\",\"urlTemplate\":\"http:\\\/\\\/gentedearte.org.ar\\\/2020\\\/?s={search_term_string}\"},\"query-input\":{\"@type\":\"PropertyValueSpecification\",\"valueRequired\":true,\"valueName\":\"search_term_string\"}}],\"inLanguage\":\"es\"},{\"@type\":\"Organization\",\"@id\":\"http:\\\/\\\/gentedearte.org.ar\\\/2020\\\/#organization\",\"name\":\"Gente de Arte\",\"url\":\"http:\\\/\\\/gentedearte.org.ar\\\/2020\\\/\",\"logo\":{\"@type\":\"ImageObject\",\"inLanguage\":\"es\",\"@id\":\"http:\\\/\\\/gentedearte.org.ar\\\/2020\\\/#\\\/schema\\\/logo\\\/image\\\/\",\"url\":\"http:\\\/\\\/gentedearte.org.ar\\\/2020\\\/wp-content\\\/uploads\\\/2020\\\/03\\\/gentearte-logo-modificado-tamao-153x159-1.jpg\",\"contentUrl\":\"http:\\\/\\\/gentedearte.org.ar\\\/2020\\\/wp-content\\\/uploads\\\/2020\\\/03\\\/gentearte-logo-modificado-tamao-153x159-1.jpg\",\"width\":153,\"height\":159,\"caption\":\"Gente de Arte\"},\"image\":{\"@id\":\"http:\\\/\\\/gentedearte.org.ar\\\/2020\\\/#\\\/schema\\\/logo\\\/image\\\/\"},\"sameAs\":[\"https:\\\/\\\/www.facebook.com\\\/gentedearte\",\"https:\\\/\\\/www.instagram.com\\\/gente.de.arte\"]}]}<\/script>\n<!-- \/ Yoast SEO plugin. -->","yoast_head_json":{"title":"Modalidades de ense\u00f1anza disponibles - Gente de Arte","robots":{"index":"index","follow":"follow","max-snippet":"max-snippet:-1","max-image-preview":"max-image-preview:large","max-video-preview":"max-video-preview:-1"},"canonical":"http:\/\/gentedearte.org.ar\/2020\/modalidad-de-ensenanza\/","og_locale":"es_ES","og_type":"article","og_title":"Modalidades de ense\u00f1anza disponibles - Gente de Arte","og_description":"La asociaci\u00f3n cuenta con distintas posibilidades de capacitaci\u00f3n dependiendo de cada curso ( consulte en la descripci\u00f3n individual de cada uno para saber cual modalidad est\u00e1 disponible ) Presencial Es el modo tradicional, el alumno concurre en personas a las aulas de nuestra sede en Avellaneda, en los d\u00edas y horarios correspondientes al curso en [&hellip;]","og_url":"http:\/\/gentedearte.org.ar\/2020\/modalidad-de-ensenanza\/","og_site_name":"Gente de Arte","article_publisher":"https:\/\/www.facebook.com\/gentedearte","article_modified_time":"2021-03-21T12:34:09+00:00","og_image":[{"url":"http:\/\/gentedearte.org.ar\/2020\/wp-content\/uploads\/z-fq3wbvfmu-1024x768.jpg","type":"","width":"","height":""}],"twitter_card":"summary_large_image","schema":{"@context":"https:\/\/schema.org","@graph":[{"@type":"WebPage","@id":"http:\/\/gentedearte.org.ar\/2020\/modalidad-de-ensenanza\/","url":"http:\/\/gentedearte.org.ar\/2020\/modalidad-de-ensenanza\/","name":"Modalidades de ense\u00f1anza disponibles - Gente de Arte","isPartOf":{"@id":"http:\/\/gentedearte.org.ar\/2020\/#website"},"primaryImageOfPage":{"@id":"http:\/\/gentedearte.org.ar\/2020\/modalidad-de-ensenanza\/#primaryimage"},"image":{"@id":"http:\/\/gentedearte.org.ar\/2020\/modalidad-de-ensenanza\/#primaryimage"},"thumbnailUrl":"http:\/\/gentedearte.org.ar\/2020\/wp-content\/uploads\/z-fq3wbvfmu-1024x768.jpg","datePublished":"2020-06-09T14:49:43+00:00","dateModified":"2021-03-21T12:34:09+00:00","breadcrumb":{"@id":"http:\/\/gentedearte.org.ar\/2020\/modalidad-de-ensenanza\/#breadcrumb"},"inLanguage":"es","potentialAction":[{"@type":"ReadAction","target":["http:\/\/gentedearte.org.ar\/2020\/modalidad-de-ensenanza\/"]}]},{"@type":"ImageObject","inLanguage":"es","@id":"http:\/\/gentedearte.org.ar\/2020\/modalidad-de-ensenanza\/#primaryimage","url":"http:\/\/gentedearte.org.ar\/2020\/wp-content\/uploads\/z-fq3wbvfmu-1024x768.jpg","contentUrl":"http:\/\/gentedearte.org.ar\/2020\/wp-content\/uploads\/z-fq3wbvfmu-1024x768.jpg"},{"@type":"BreadcrumbList","@id":"http:\/\/gentedearte.org.ar\/2020\/modalidad-de-ensenanza\/#breadcrumb","itemListElement":[{"@type":"ListItem","position":1,"name":"Portada","item":"http:\/\/gentedearte.org.ar\/2020\/"},{"@type":"ListItem","position":2,"name":"Modalidades de ense\u00f1anza disponibles"}]},{"@type":"WebSite","@id":"http:\/\/gentedearte.org.ar\/2020\/#website","url":"http:\/\/gentedearte.org.ar\/2020\/","name":"Gente de Arte","description":"Asociaci\u00f3n","publisher":{"@id":"http:\/\/gentedearte.org.ar\/2020\/#organization"},"potentialAction":[{"@type":"SearchAction","target":{"@type":"EntryPoint","urlTemplate":"http:\/\/gentedearte.org.ar\/2020\/?s={search_term_string}"},"query-input":{"@type":"PropertyValueSpecification","valueRequired":true,"valueName":"search_term_string"}}],"inLanguage":"es"},{"@type":"Organization","@id":"http:\/\/gentedearte.org.ar\/2020\/#organization","name":"Gente de Arte","url":"http:\/\/gentedearte.org.ar\/2020\/","logo":{"@type":"ImageObject","inLanguage":"es","@id":"http:\/\/gentedearte.org.ar\/2020\/#\/schema\/logo\/image\/","url":"http:\/\/gentedearte.org.ar\/2020\/wp-content\/uploads\/2020\/03\/gentearte-logo-modificado-tamao-153x159-1.jpg","contentUrl":"http:\/\/gentedearte.org.ar\/2020\/wp-content\/uploads\/2020\/03\/gentearte-logo-modificado-tamao-153x159-1.jpg","width":153,"height":159,"caption":"Gente de Arte"},"image":{"@id":"http:\/\/gentedearte.org.ar\/2020\/#\/schema\/logo\/image\/"},"sameAs":["https:\/\/www.facebook.com\/gentedearte","https:\/\/www.instagram.com\/gente.de.arte"]}]}},"uagb_featured_image_src":{"full":false,"thumbnail":false,"medium":false,"medium_large":false,"large":false,"1536x1536":false,"2048x2048":false,"woocommerce_thumbnail":false,"woocommerce_single":false,"woocommerce_gallery_thumbnail":false},"uagb_author_info":{"display_name":"Diego G\u00f3mez","author_link":"http:\/\/gentedearte.org.ar\/2020\/author\/diegog\/"},"uagb_comment_info":0,"uagb_excerpt":"La asociaci\u00f3n cuenta con distintas posibilidades de capacitaci\u00f3n dependiendo de cada curso ( consulte en la descripci\u00f3n individual de cada uno para saber cual modalidad est\u00e1 disponible ) Presencial Es el modo tradicional, el alumno concurre en personas a las aulas de nuestra sede en Avellaneda, en los d\u00edas y horarios correspondientes al curso en&hellip;","_links":{"self":[{"href":"http:\/\/gentedearte.org.ar\/2020\/wp-json\/wp\/v2\/pages\/2040","targetHints":{"allow":["GET"]}}],"collection":[{"href":"http:\/\/gentedearte.org.ar\/2020\/wp-json\/wp\/v2\/pages"}],"about":[{"href":"http:\/\/gentedearte.org.ar\/2020\/wp-json\/wp\/v2\/types\/page"}],"author":[{"embeddable":true,"href":"http:\/\/gentedearte.org.ar\/2020\/wp-json\/wp\/v2\/users\/3"}],"replies":[{"embeddable":true,"href":"http:\/\/gentedearte.org.ar\/2020\/wp-json\/wp\/v2\/comments?post=2040"}],"version-history":[{"count":20,"href":"http:\/\/gentedearte.org.ar\/2020\/wp-json\/wp\/v2\/pages\/2040\/revisions"}],"predecessor-version":[{"id":2109,"href":"http:\/\/gentedearte.org.ar\/2020\/wp-json\/wp\/v2\/pages\/2040\/revisions\/2109"}],"wp:attachment":[{"href":"http:\/\/gentedearte.org.ar\/2020\/wp-json\/wp\/v2\/media?parent=2040"}],"curies":[{"name":"wp","href":"https:\/\/api.w.org\/{rel}","templated":true}]}}