{"id":16,"date":"2020-03-20T21:14:53","date_gmt":"2020-03-20T21:14:53","guid":{"rendered":"http:\/\/gentedearte.org.ar\/2020\/?page_id=16"},"modified":"2022-09-20T16:19:33","modified_gmt":"2022-09-20T19:19:33","slug":"nosotros","status":"publish","type":"page","link":"http:\/\/gentedearte.org.ar\/2020\/nosotros\/","title":{"rendered":"La Asociaci\u00f3n"},"content":{"rendered":"\n<p><strong>Gente de Arte<\/strong>&nbsp;es una asociaci\u00f3n sin fines de lucro, fundada en 1941 por pintores, escultores y otros artistas, en Avellaneda, en la zona sur de la provincia de Buenos Aires.<\/p>\n\n\n\n<p>Desde entonces, participamos en la comunidad como espacio de cultura y libre expresi\u00f3n, a trav\u00e9s de las actividades en nuestro<a rel=\"noreferrer noopener\" href=\"http:\/\/gentedearte.org.ar\/2020\/nosotros\/centro-cultural\/\" target=\"_blank\"> centro cultural<\/a>, y en la educaci\u00f3n, como formadores, con <a rel=\"noreferrer noopener\" href=\"http:\/\/gentedearte.org.ar\/2020\/escuela\/\" target=\"_blank\">nuestra escuela<\/a>, brindando variados cursos y talleres en m\u00faltiples ramas del arte, abarcando la mente, el esp\u00edritu y el cuerpo. Tambi\u00e9n como generadores de contenidos, mediante cont\u00ednuas publicaciones culturales en nuestras revistas y <a rel=\"noreferrer noopener\" href=\"http:\/\/gentedearte.org.ar\/2020\/category\/blog\/\" target=\"_blank\">blog<\/a>.<\/p>\n\n\n\n<p>Somos una asociaci\u00f3n civil independiente, apol\u00edtica, dedicados al arte, la cultura y la educaci\u00f3n.<\/p>\n\n\n\n<p>Numerosos artistas de renombre han pasado por nuestra casa, dejando como huella sus obras que perduran en el valor cultural de todos.<\/p>\n\n\n\n<p>Algunos de los artistas que fueron parte de la instituci\u00f3n:<\/p>\n\n\n\n<p>Ernesto S\u00e1bato, Roa Bastos, Maria Elena Walsh, Baldomero Fern\u00e1ndez Moreno,\u00a0Antonio Berni, Emilio Pettoruti, Benito Quinquela Martin, Raul Soldi, Spilimbergo, <em>Leopoldo Torre Nilson<\/em>, entre otros tantos.<\/p>\n\n\n\n<p>En el a\u00f1o 2017 el Honorable Concejo Deliberante de Avellaneda nombr\u00f3 a la Asociaci\u00f3n \u00abInstituci\u00f3n Ejemplar de la Ciudad de Avellaneda\u00bb seg\u00fan ordenanza 22208 art. 5\u00ba Inc.A. Decreto 3223.<\/p>\n\n\n\n<p>Como centro cultural, en forma mensual organizamos conciertos y recitales musicales, encuentros corales, veladas l\u00edricas, conferencias, charlas y mesas redondas, ciclos de cine debate, funciones de teatro y clown, exposiciones y cert\u00e1menes competitivos para artistas de todo el pa\u00eds y especiales para alumnos de las escuelas de bellas artes, con jurados de reconocida trayectoria e interesantes premios.<\/p>\n\n\n\n<p>Nuestra escuela de arte es una de las m\u00e1s prestigiosas de la provincia de Buenos Aires. Contamos con una amplia variedad de oferta en cursos, talleres y seminarios, en distinas modalidades de ense\u00f1anza, tanto presencial como virtual.<\/p>\n\n\n\n<p>Los invitamos a informarse de nuestros eventos, participar de alguno de los talleres o simplemente compartir sus comentarios, siempre abiertos a escuchar la inquietudes de la comunidad.<\/p>\n","protected":false},"excerpt":{"rendered":"<p>Gente de Arte&nbsp;es una asociaci\u00f3n sin fines de lucro, fundada en 1941 por pintores, escultores y otros artistas, en Avellaneda, en la zona sur de la provincia de Buenos Aires. Desde entonces, participamos en la comunidad como espacio de cultura y libre expresi\u00f3n, a trav\u00e9s de las actividades en nuestro centro cultural, y en la [&hellip;]<\/p>\n","protected":false},"author":3,"featured_media":0,"parent":0,"menu_order":0,"comment_status":"closed","ping_status":"closed","template":"","meta":{"_uag_custom_page_level_css":"","site-sidebar-layout":"default","site-content-layout":"boxed-container","ast-site-content-layout":"","site-content-style":"default","site-sidebar-style":"default","ast-global-header-display":"","ast-banner-title-visibility":"","ast-main-header-display":"","ast-hfb-above-header-display":"","ast-hfb-below-header-display":"","ast-hfb-mobile-header-display":"","site-post-title":"","ast-breadcrumbs-content":"","ast-featured-img":"","footer-sml-layout":"","theme-transparent-header-meta":"default","adv-header-id-meta":"","stick-header-meta":"","header-above-stick-meta":"","header-main-stick-meta":"","header-below-stick-meta":"","astra-migrate-meta-layouts":"default","ast-page-background-enabled":"default","ast-page-background-meta":{"desktop":{"background-color":"var(--ast-global-color-4)","background-image":"","background-repeat":"repeat","background-position":"center center","background-size":"auto","background-attachment":"scroll","background-type":"","background-media":"","overlay-type":"","overlay-color":"","overlay-opacity":"","overlay-gradient":""},"tablet":{"background-color":"","background-image":"","background-repeat":"repeat","background-position":"center center","background-size":"auto","background-attachment":"scroll","background-type":"","background-media":"","overlay-type":"","overlay-color":"","overlay-opacity":"","overlay-gradient":""},"mobile":{"background-color":"","background-image":"","background-repeat":"repeat","background-position":"center center","background-size":"auto","background-attachment":"scroll","background-type":"","background-media":"","overlay-type":"","overlay-color":"","overlay-opacity":"","overlay-gradient":""}},"ast-content-background-meta":{"desktop":{"background-color":"var(--ast-global-color-5)","background-image":"","background-repeat":"repeat","background-position":"center center","background-size":"auto","background-attachment":"scroll","background-type":"","background-media":"","overlay-type":"","overlay-color":"","overlay-opacity":"","overlay-gradient":""},"tablet":{"background-color":"var(--ast-global-color-5)","background-image":"","background-repeat":"repeat","background-position":"center center","background-size":"auto","background-attachment":"scroll","background-type":"","background-media":"","overlay-type":"","overlay-color":"","overlay-opacity":"","overlay-gradient":""},"mobile":{"background-color":"var(--ast-global-color-5)","background-image":"","background-repeat":"repeat","background-position":"center center","background-size":"auto","background-attachment":"scroll","background-type":"","background-media":"","overlay-type":"","overlay-color":"","overlay-opacity":"","overlay-gradient":""}},"footnotes":""},"class_list":["post-16","page","type-page","status-publish","hentry"],"yoast_head":"<!-- This site is optimized with the Yoast SEO plugin v27.4 - https:\/\/yoast.com\/product\/yoast-seo-wordpress\/ -->\n<title>La Asociaci\u00f3n - Gente de Arte<\/title>\n<meta name=\"robots\" content=\"index, follow, max-snippet:-1, max-image-preview:large, max-video-preview:-1\" \/>\n<link rel=\"canonical\" href=\"http:\/\/gentedearte.org.ar\/2020\/nosotros\/\" \/>\n<meta property=\"og:locale\" content=\"es_ES\" \/>\n<meta property=\"og:type\" content=\"article\" \/>\n<meta property=\"og:title\" content=\"La Asociaci\u00f3n - Gente de Arte\" \/>\n<meta property=\"og:description\" content=\"Gente de Arte&nbsp;es una asociaci\u00f3n sin fines de lucro, fundada en 1941 por pintores, escultores y otros artistas, en Avellaneda, en la zona sur de la provincia de Buenos Aires. Desde entonces, participamos en la comunidad como espacio de cultura y libre expresi\u00f3n, a trav\u00e9s de las actividades en nuestro centro cultural, y en la [&hellip;]\" \/>\n<meta property=\"og:url\" content=\"http:\/\/gentedearte.org.ar\/2020\/nosotros\/\" \/>\n<meta property=\"og:site_name\" content=\"Gente de Arte\" \/>\n<meta property=\"article:publisher\" content=\"https:\/\/www.facebook.com\/gentedearte\" \/>\n<meta property=\"article:modified_time\" content=\"2022-09-20T19:19:33+00:00\" \/>\n<meta name=\"twitter:card\" content=\"summary_large_image\" \/>\n<script type=\"application\/ld+json\" class=\"yoast-schema-graph\">{\"@context\":\"https:\\\/\\\/schema.org\",\"@graph\":[{\"@type\":\"WebPage\",\"@id\":\"http:\\\/\\\/gentedearte.org.ar\\\/2020\\\/nosotros\\\/\",\"url\":\"http:\\\/\\\/gentedearte.org.ar\\\/2020\\\/nosotros\\\/\",\"name\":\"La Asociaci\u00f3n - Gente de Arte\",\"isPartOf\":{\"@id\":\"http:\\\/\\\/gentedearte.org.ar\\\/2020\\\/#website\"},\"datePublished\":\"2020-03-20T21:14:53+00:00\",\"dateModified\":\"2022-09-20T19:19:33+00:00\",\"breadcrumb\":{\"@id\":\"http:\\\/\\\/gentedearte.org.ar\\\/2020\\\/nosotros\\\/#breadcrumb\"},\"inLanguage\":\"es\",\"potentialAction\":[{\"@type\":\"ReadAction\",\"target\":[\"http:\\\/\\\/gentedearte.org.ar\\\/2020\\\/nosotros\\\/\"]}]},{\"@type\":\"BreadcrumbList\",\"@id\":\"http:\\\/\\\/gentedearte.org.ar\\\/2020\\\/nosotros\\\/#breadcrumb\",\"itemListElement\":[{\"@type\":\"ListItem\",\"position\":1,\"name\":\"Portada\",\"item\":\"http:\\\/\\\/gentedearte.org.ar\\\/2020\\\/\"},{\"@type\":\"ListItem\",\"position\":2,\"name\":\"La Asociaci\u00f3n\"}]},{\"@type\":\"WebSite\",\"@id\":\"http:\\\/\\\/gentedearte.org.ar\\\/2020\\\/#website\",\"url\":\"http:\\\/\\\/gentedearte.org.ar\\\/2020\\\/\",\"name\":\"Gente de Arte\",\"description\":\"Asociaci\u00f3n\",\"publisher\":{\"@id\":\"http:\\\/\\\/gentedearte.org.ar\\\/2020\\\/#organization\"},\"potentialAction\":[{\"@type\":\"SearchAction\",\"target\":{\"@type\":\"EntryPoint\",\"urlTemplate\":\"http:\\\/\\\/gentedearte.org.ar\\\/2020\\\/?s={search_term_string}\"},\"query-input\":{\"@type\":\"PropertyValueSpecification\",\"valueRequired\":true,\"valueName\":\"search_term_string\"}}],\"inLanguage\":\"es\"},{\"@type\":\"Organization\",\"@id\":\"http:\\\/\\\/gentedearte.org.ar\\\/2020\\\/#organization\",\"name\":\"Gente de Arte\",\"url\":\"http:\\\/\\\/gentedearte.org.ar\\\/2020\\\/\",\"logo\":{\"@type\":\"ImageObject\",\"inLanguage\":\"es\",\"@id\":\"http:\\\/\\\/gentedearte.org.ar\\\/2020\\\/#\\\/schema\\\/logo\\\/image\\\/\",\"url\":\"http:\\\/\\\/gentedearte.org.ar\\\/2020\\\/wp-content\\\/uploads\\\/2020\\\/03\\\/gentearte-logo-modificado-tamao-153x159-1.jpg\",\"contentUrl\":\"http:\\\/\\\/gentedearte.org.ar\\\/2020\\\/wp-content\\\/uploads\\\/2020\\\/03\\\/gentearte-logo-modificado-tamao-153x159-1.jpg\",\"width\":153,\"height\":159,\"caption\":\"Gente de Arte\"},\"image\":{\"@id\":\"http:\\\/\\\/gentedearte.org.ar\\\/2020\\\/#\\\/schema\\\/logo\\\/image\\\/\"},\"sameAs\":[\"https:\\\/\\\/www.facebook.com\\\/gentedearte\",\"https:\\\/\\\/www.instagram.com\\\/gente.de.arte\"]}]}<\/script>\n<!-- \/ Yoast SEO plugin. -->","yoast_head_json":{"title":"La Asociaci\u00f3n - Gente de Arte","robots":{"index":"index","follow":"follow","max-snippet":"max-snippet:-1","max-image-preview":"max-image-preview:large","max-video-preview":"max-video-preview:-1"},"canonical":"http:\/\/gentedearte.org.ar\/2020\/nosotros\/","og_locale":"es_ES","og_type":"article","og_title":"La Asociaci\u00f3n - Gente de Arte","og_description":"Gente de Arte&nbsp;es una asociaci\u00f3n sin fines de lucro, fundada en 1941 por pintores, escultores y otros artistas, en Avellaneda, en la zona sur de la provincia de Buenos Aires. Desde entonces, participamos en la comunidad como espacio de cultura y libre expresi\u00f3n, a trav\u00e9s de las actividades en nuestro centro cultural, y en la [&hellip;]","og_url":"http:\/\/gentedearte.org.ar\/2020\/nosotros\/","og_site_name":"Gente de Arte","article_publisher":"https:\/\/www.facebook.com\/gentedearte","article_modified_time":"2022-09-20T19:19:33+00:00","twitter_card":"summary_large_image","schema":{"@context":"https:\/\/schema.org","@graph":[{"@type":"WebPage","@id":"http:\/\/gentedearte.org.ar\/2020\/nosotros\/","url":"http:\/\/gentedearte.org.ar\/2020\/nosotros\/","name":"La Asociaci\u00f3n - Gente de Arte","isPartOf":{"@id":"http:\/\/gentedearte.org.ar\/2020\/#website"},"datePublished":"2020-03-20T21:14:53+00:00","dateModified":"2022-09-20T19:19:33+00:00","breadcrumb":{"@id":"http:\/\/gentedearte.org.ar\/2020\/nosotros\/#breadcrumb"},"inLanguage":"es","potentialAction":[{"@type":"ReadAction","target":["http:\/\/gentedearte.org.ar\/2020\/nosotros\/"]}]},{"@type":"BreadcrumbList","@id":"http:\/\/gentedearte.org.ar\/2020\/nosotros\/#breadcrumb","itemListElement":[{"@type":"ListItem","position":1,"name":"Portada","item":"http:\/\/gentedearte.org.ar\/2020\/"},{"@type":"ListItem","position":2,"name":"La Asociaci\u00f3n"}]},{"@type":"WebSite","@id":"http:\/\/gentedearte.org.ar\/2020\/#website","url":"http:\/\/gentedearte.org.ar\/2020\/","name":"Gente de Arte","description":"Asociaci\u00f3n","publisher":{"@id":"http:\/\/gentedearte.org.ar\/2020\/#organization"},"potentialAction":[{"@type":"SearchAction","target":{"@type":"EntryPoint","urlTemplate":"http:\/\/gentedearte.org.ar\/2020\/?s={search_term_string}"},"query-input":{"@type":"PropertyValueSpecification","valueRequired":true,"valueName":"search_term_string"}}],"inLanguage":"es"},{"@type":"Organization","@id":"http:\/\/gentedearte.org.ar\/2020\/#organization","name":"Gente de Arte","url":"http:\/\/gentedearte.org.ar\/2020\/","logo":{"@type":"ImageObject","inLanguage":"es","@id":"http:\/\/gentedearte.org.ar\/2020\/#\/schema\/logo\/image\/","url":"http:\/\/gentedearte.org.ar\/2020\/wp-content\/uploads\/2020\/03\/gentearte-logo-modificado-tamao-153x159-1.jpg","contentUrl":"http:\/\/gentedearte.org.ar\/2020\/wp-content\/uploads\/2020\/03\/gentearte-logo-modificado-tamao-153x159-1.jpg","width":153,"height":159,"caption":"Gente de Arte"},"image":{"@id":"http:\/\/gentedearte.org.ar\/2020\/#\/schema\/logo\/image\/"},"sameAs":["https:\/\/www.facebook.com\/gentedearte","https:\/\/www.instagram.com\/gente.de.arte"]}]}},"uagb_featured_image_src":{"full":false,"thumbnail":false,"medium":false,"medium_large":false,"large":false,"1536x1536":false,"2048x2048":false,"woocommerce_thumbnail":false,"woocommerce_single":false,"woocommerce_gallery_thumbnail":false},"uagb_author_info":{"display_name":"Diego G\u00f3mez","author_link":"http:\/\/gentedearte.org.ar\/2020\/author\/diegog\/"},"uagb_comment_info":0,"uagb_excerpt":"Gente de Arte&nbsp;es una asociaci\u00f3n sin fines de lucro, fundada en 1941 por pintores, escultores y otros artistas, en Avellaneda, en la zona sur de la provincia de Buenos Aires. Desde entonces, participamos en la comunidad como espacio de cultura y libre expresi\u00f3n, a trav\u00e9s de las actividades en nuestro centro cultural, y en la&hellip;","_links":{"self":[{"href":"http:\/\/gentedearte.org.ar\/2020\/wp-json\/wp\/v2\/pages\/16","targetHints":{"allow":["GET"]}}],"collection":[{"href":"http:\/\/gentedearte.org.ar\/2020\/wp-json\/wp\/v2\/pages"}],"about":[{"href":"http:\/\/gentedearte.org.ar\/2020\/wp-json\/wp\/v2\/types\/page"}],"author":[{"embeddable":true,"href":"http:\/\/gentedearte.org.ar\/2020\/wp-json\/wp\/v2\/users\/3"}],"replies":[{"embeddable":true,"href":"http:\/\/gentedearte.org.ar\/2020\/wp-json\/wp\/v2\/comments?post=16"}],"version-history":[{"count":17,"href":"http:\/\/gentedearte.org.ar\/2020\/wp-json\/wp\/v2\/pages\/16\/revisions"}],"predecessor-version":[{"id":2883,"href":"http:\/\/gentedearte.org.ar\/2020\/wp-json\/wp\/v2\/pages\/16\/revisions\/2883"}],"wp:attachment":[{"href":"http:\/\/gentedearte.org.ar\/2020\/wp-json\/wp\/v2\/media?parent=16"}],"curies":[{"name":"wp","href":"https:\/\/api.w.org\/{rel}","templated":true}]}}