{"id":13,"date":"2020-03-20T21:11:18","date_gmt":"2020-03-20T21:11:18","guid":{"rendered":"http:\/\/gentedearte.org.ar\/2020\/?page_id=13"},"modified":"2022-06-22T11:22:35","modified_gmt":"2022-06-22T14:22:35","slug":"historia","status":"publish","type":"page","link":"http:\/\/gentedearte.org.ar\/2020\/nosotros\/historia\/","title":{"rendered":"Nuestra Historia"},"content":{"rendered":"\n<h2 class=\"wp-block-heading\">Artistas que participaron o formaron parte de la Instituci\u00f3n.<\/h2>\n\n\n\n<p>Desde su fundaci\u00f3n en 1941 y hasta la fecha se realizan muestras de prestigiosos pintores, grabadores, muralistas, escultores, ceramistas, tejedores de tapices, fot\u00f3grafos, etc.<\/p>\n\n\n\n<h3 class=\"wp-block-heading\"><strong>PINTORES<\/strong><\/h3>\n\n\n\n<p>Jaun C. Castagnino, Emilio Pettoruti, Antonio Berni, Raul Soldi, Benito Quinquela Mart\u00edn, Lino Eneas Spilimbergo, Fortunato Lac\u00e1mera, Miguel A. Victorica, Vicente Forte, Jun Batlle Planas, Pompeyo Audivert, Jos\u00e9 L. Menghi, Fernando Fader, Fray G. Butler, Pedro Figari, Miguel Diomede, Raquel Forner, Juan del Prete, H\u00e9ctor Basald\u00faa, Annemarie Heinrich, Ary Brizzi, Victor Cunsolo, Emilio Campanelli, Pio Collivadino, Hector Basaldua, Bernardo Mane, Pedro Otero, Francisco L\u00f3pez Grela, Carlos Ca\u00f1as entre otros. <\/p>\n\n\n\n<h3 class=\"wp-block-heading\"><strong>ESCRITORES, POETAS, ENSAYISTAS<\/strong> :<\/h3>\n\n\n\n<p>Erneto S\u00e1bato, Roa Bastos, Rafael Alberti, Angel Battistesa, Cordoba Iturburu, Romualdo Brughetti, Antonio Porchia, Antonio Requeni,  J.Romero Brest, Miguel A. Asturias y muchos m\u00e1s<\/p>\n\n\n\n<p><\/p>\n","protected":false},"excerpt":{"rendered":"<p>Artistas que participaron o formaron parte de la Instituci\u00f3n. Desde su fundaci\u00f3n en 1941 y hasta la fecha se realizan muestras de prestigiosos pintores, grabadores, muralistas, escultores, ceramistas, tejedores de tapices, fot\u00f3grafos, etc. PINTORES Jaun C. Castagnino, Emilio Pettoruti, Antonio Berni, Raul Soldi, Benito Quinquela Mart\u00edn, Lino Eneas Spilimbergo, Fortunato Lac\u00e1mera, Miguel A. Victorica, Vicente [&hellip;]<\/p>\n","protected":false},"author":3,"featured_media":0,"parent":16,"menu_order":0,"comment_status":"closed","ping_status":"closed","template":"","meta":{"_uag_custom_page_level_css":"","site-sidebar-layout":"default","site-content-layout":"boxed-container","ast-site-content-layout":"","site-content-style":"default","site-sidebar-style":"default","ast-global-header-display":"","ast-banner-title-visibility":"","ast-main-header-display":"","ast-hfb-above-header-display":"","ast-hfb-below-header-display":"","ast-hfb-mobile-header-display":"","site-post-title":"","ast-breadcrumbs-content":"","ast-featured-img":"","footer-sml-layout":"","theme-transparent-header-meta":"default","adv-header-id-meta":"","stick-header-meta":"","header-above-stick-meta":"","header-main-stick-meta":"","header-below-stick-meta":"","astra-migrate-meta-layouts":"default","ast-page-background-enabled":"default","ast-page-background-meta":{"desktop":{"background-color":"var(--ast-global-color-4)","background-image":"","background-repeat":"repeat","background-position":"center center","background-size":"auto","background-attachment":"scroll","background-type":"","background-media":"","overlay-type":"","overlay-color":"","overlay-opacity":"","overlay-gradient":""},"tablet":{"background-color":"","background-image":"","background-repeat":"repeat","background-position":"center center","background-size":"auto","background-attachment":"scroll","background-type":"","background-media":"","overlay-type":"","overlay-color":"","overlay-opacity":"","overlay-gradient":""},"mobile":{"background-color":"","background-image":"","background-repeat":"repeat","background-position":"center center","background-size":"auto","background-attachment":"scroll","background-type":"","background-media":"","overlay-type":"","overlay-color":"","overlay-opacity":"","overlay-gradient":""}},"ast-content-background-meta":{"desktop":{"background-color":"var(--ast-global-color-5)","background-image":"","background-repeat":"repeat","background-position":"center center","background-size":"auto","background-attachment":"scroll","background-type":"","background-media":"","overlay-type":"","overlay-color":"","overlay-opacity":"","overlay-gradient":""},"tablet":{"background-color":"var(--ast-global-color-5)","background-image":"","background-repeat":"repeat","background-position":"center center","background-size":"auto","background-attachment":"scroll","background-type":"","background-media":"","overlay-type":"","overlay-color":"","overlay-opacity":"","overlay-gradient":""},"mobile":{"background-color":"var(--ast-global-color-5)","background-image":"","background-repeat":"repeat","background-position":"center center","background-size":"auto","background-attachment":"scroll","background-type":"","background-media":"","overlay-type":"","overlay-color":"","overlay-opacity":"","overlay-gradient":""}},"footnotes":""},"class_list":["post-13","page","type-page","status-publish","hentry"],"yoast_head":"<!-- This site is optimized with the Yoast SEO plugin v27.4 - https:\/\/yoast.com\/product\/yoast-seo-wordpress\/ -->\n<title>Nuestra Historia - Gente de Arte<\/title>\n<meta name=\"robots\" content=\"index, follow, max-snippet:-1, max-image-preview:large, max-video-preview:-1\" \/>\n<link rel=\"canonical\" href=\"http:\/\/gentedearte.org.ar\/2020\/nosotros\/historia\/\" \/>\n<meta property=\"og:locale\" content=\"es_ES\" \/>\n<meta property=\"og:type\" content=\"article\" \/>\n<meta property=\"og:title\" content=\"Nuestra Historia - Gente de Arte\" \/>\n<meta property=\"og:description\" content=\"Artistas que participaron o formaron parte de la Instituci\u00f3n. Desde su fundaci\u00f3n en 1941 y hasta la fecha se realizan muestras de prestigiosos pintores, grabadores, muralistas, escultores, ceramistas, tejedores de tapices, fot\u00f3grafos, etc. PINTORES Jaun C. Castagnino, Emilio Pettoruti, Antonio Berni, Raul Soldi, Benito Quinquela Mart\u00edn, Lino Eneas Spilimbergo, Fortunato Lac\u00e1mera, Miguel A. Victorica, Vicente [&hellip;]\" \/>\n<meta property=\"og:url\" content=\"http:\/\/gentedearte.org.ar\/2020\/nosotros\/historia\/\" \/>\n<meta property=\"og:site_name\" content=\"Gente de Arte\" \/>\n<meta property=\"article:publisher\" content=\"https:\/\/www.facebook.com\/gentedearte\" \/>\n<meta property=\"article:modified_time\" content=\"2022-06-22T14:22:35+00:00\" \/>\n<meta name=\"twitter:card\" content=\"summary_large_image\" \/>\n<script type=\"application\/ld+json\" class=\"yoast-schema-graph\">{\"@context\":\"https:\\\/\\\/schema.org\",\"@graph\":[{\"@type\":\"WebPage\",\"@id\":\"http:\\\/\\\/gentedearte.org.ar\\\/2020\\\/nosotros\\\/historia\\\/\",\"url\":\"http:\\\/\\\/gentedearte.org.ar\\\/2020\\\/nosotros\\\/historia\\\/\",\"name\":\"Nuestra Historia - Gente de Arte\",\"isPartOf\":{\"@id\":\"http:\\\/\\\/gentedearte.org.ar\\\/2020\\\/#website\"},\"datePublished\":\"2020-03-20T21:11:18+00:00\",\"dateModified\":\"2022-06-22T14:22:35+00:00\",\"breadcrumb\":{\"@id\":\"http:\\\/\\\/gentedearte.org.ar\\\/2020\\\/nosotros\\\/historia\\\/#breadcrumb\"},\"inLanguage\":\"es\",\"potentialAction\":[{\"@type\":\"ReadAction\",\"target\":[\"http:\\\/\\\/gentedearte.org.ar\\\/2020\\\/nosotros\\\/historia\\\/\"]}]},{\"@type\":\"BreadcrumbList\",\"@id\":\"http:\\\/\\\/gentedearte.org.ar\\\/2020\\\/nosotros\\\/historia\\\/#breadcrumb\",\"itemListElement\":[{\"@type\":\"ListItem\",\"position\":1,\"name\":\"Portada\",\"item\":\"http:\\\/\\\/gentedearte.org.ar\\\/2020\\\/\"},{\"@type\":\"ListItem\",\"position\":2,\"name\":\"La Asociaci\u00f3n\",\"item\":\"http:\\\/\\\/gentedearte.org.ar\\\/2020\\\/nosotros\\\/\"},{\"@type\":\"ListItem\",\"position\":3,\"name\":\"Nuestra Historia\"}]},{\"@type\":\"WebSite\",\"@id\":\"http:\\\/\\\/gentedearte.org.ar\\\/2020\\\/#website\",\"url\":\"http:\\\/\\\/gentedearte.org.ar\\\/2020\\\/\",\"name\":\"Gente de Arte\",\"description\":\"Asociaci\u00f3n\",\"publisher\":{\"@id\":\"http:\\\/\\\/gentedearte.org.ar\\\/2020\\\/#organization\"},\"potentialAction\":[{\"@type\":\"SearchAction\",\"target\":{\"@type\":\"EntryPoint\",\"urlTemplate\":\"http:\\\/\\\/gentedearte.org.ar\\\/2020\\\/?s={search_term_string}\"},\"query-input\":{\"@type\":\"PropertyValueSpecification\",\"valueRequired\":true,\"valueName\":\"search_term_string\"}}],\"inLanguage\":\"es\"},{\"@type\":\"Organization\",\"@id\":\"http:\\\/\\\/gentedearte.org.ar\\\/2020\\\/#organization\",\"name\":\"Gente de Arte\",\"url\":\"http:\\\/\\\/gentedearte.org.ar\\\/2020\\\/\",\"logo\":{\"@type\":\"ImageObject\",\"inLanguage\":\"es\",\"@id\":\"http:\\\/\\\/gentedearte.org.ar\\\/2020\\\/#\\\/schema\\\/logo\\\/image\\\/\",\"url\":\"http:\\\/\\\/gentedearte.org.ar\\\/2020\\\/wp-content\\\/uploads\\\/2020\\\/03\\\/gentearte-logo-modificado-tamao-153x159-1.jpg\",\"contentUrl\":\"http:\\\/\\\/gentedearte.org.ar\\\/2020\\\/wp-content\\\/uploads\\\/2020\\\/03\\\/gentearte-logo-modificado-tamao-153x159-1.jpg\",\"width\":153,\"height\":159,\"caption\":\"Gente de Arte\"},\"image\":{\"@id\":\"http:\\\/\\\/gentedearte.org.ar\\\/2020\\\/#\\\/schema\\\/logo\\\/image\\\/\"},\"sameAs\":[\"https:\\\/\\\/www.facebook.com\\\/gentedearte\",\"https:\\\/\\\/www.instagram.com\\\/gente.de.arte\"]}]}<\/script>\n<!-- \/ Yoast SEO plugin. -->","yoast_head_json":{"title":"Nuestra Historia - Gente de Arte","robots":{"index":"index","follow":"follow","max-snippet":"max-snippet:-1","max-image-preview":"max-image-preview:large","max-video-preview":"max-video-preview:-1"},"canonical":"http:\/\/gentedearte.org.ar\/2020\/nosotros\/historia\/","og_locale":"es_ES","og_type":"article","og_title":"Nuestra Historia - Gente de Arte","og_description":"Artistas que participaron o formaron parte de la Instituci\u00f3n. Desde su fundaci\u00f3n en 1941 y hasta la fecha se realizan muestras de prestigiosos pintores, grabadores, muralistas, escultores, ceramistas, tejedores de tapices, fot\u00f3grafos, etc. PINTORES Jaun C. Castagnino, Emilio Pettoruti, Antonio Berni, Raul Soldi, Benito Quinquela Mart\u00edn, Lino Eneas Spilimbergo, Fortunato Lac\u00e1mera, Miguel A. Victorica, Vicente [&hellip;]","og_url":"http:\/\/gentedearte.org.ar\/2020\/nosotros\/historia\/","og_site_name":"Gente de Arte","article_publisher":"https:\/\/www.facebook.com\/gentedearte","article_modified_time":"2022-06-22T14:22:35+00:00","twitter_card":"summary_large_image","schema":{"@context":"https:\/\/schema.org","@graph":[{"@type":"WebPage","@id":"http:\/\/gentedearte.org.ar\/2020\/nosotros\/historia\/","url":"http:\/\/gentedearte.org.ar\/2020\/nosotros\/historia\/","name":"Nuestra Historia - Gente de Arte","isPartOf":{"@id":"http:\/\/gentedearte.org.ar\/2020\/#website"},"datePublished":"2020-03-20T21:11:18+00:00","dateModified":"2022-06-22T14:22:35+00:00","breadcrumb":{"@id":"http:\/\/gentedearte.org.ar\/2020\/nosotros\/historia\/#breadcrumb"},"inLanguage":"es","potentialAction":[{"@type":"ReadAction","target":["http:\/\/gentedearte.org.ar\/2020\/nosotros\/historia\/"]}]},{"@type":"BreadcrumbList","@id":"http:\/\/gentedearte.org.ar\/2020\/nosotros\/historia\/#breadcrumb","itemListElement":[{"@type":"ListItem","position":1,"name":"Portada","item":"http:\/\/gentedearte.org.ar\/2020\/"},{"@type":"ListItem","position":2,"name":"La Asociaci\u00f3n","item":"http:\/\/gentedearte.org.ar\/2020\/nosotros\/"},{"@type":"ListItem","position":3,"name":"Nuestra Historia"}]},{"@type":"WebSite","@id":"http:\/\/gentedearte.org.ar\/2020\/#website","url":"http:\/\/gentedearte.org.ar\/2020\/","name":"Gente de Arte","description":"Asociaci\u00f3n","publisher":{"@id":"http:\/\/gentedearte.org.ar\/2020\/#organization"},"potentialAction":[{"@type":"SearchAction","target":{"@type":"EntryPoint","urlTemplate":"http:\/\/gentedearte.org.ar\/2020\/?s={search_term_string}"},"query-input":{"@type":"PropertyValueSpecification","valueRequired":true,"valueName":"search_term_string"}}],"inLanguage":"es"},{"@type":"Organization","@id":"http:\/\/gentedearte.org.ar\/2020\/#organization","name":"Gente de Arte","url":"http:\/\/gentedearte.org.ar\/2020\/","logo":{"@type":"ImageObject","inLanguage":"es","@id":"http:\/\/gentedearte.org.ar\/2020\/#\/schema\/logo\/image\/","url":"http:\/\/gentedearte.org.ar\/2020\/wp-content\/uploads\/2020\/03\/gentearte-logo-modificado-tamao-153x159-1.jpg","contentUrl":"http:\/\/gentedearte.org.ar\/2020\/wp-content\/uploads\/2020\/03\/gentearte-logo-modificado-tamao-153x159-1.jpg","width":153,"height":159,"caption":"Gente de Arte"},"image":{"@id":"http:\/\/gentedearte.org.ar\/2020\/#\/schema\/logo\/image\/"},"sameAs":["https:\/\/www.facebook.com\/gentedearte","https:\/\/www.instagram.com\/gente.de.arte"]}]}},"uagb_featured_image_src":{"full":false,"thumbnail":false,"medium":false,"medium_large":false,"large":false,"1536x1536":false,"2048x2048":false,"woocommerce_thumbnail":false,"woocommerce_single":false,"woocommerce_gallery_thumbnail":false},"uagb_author_info":{"display_name":"Diego G\u00f3mez","author_link":"http:\/\/gentedearte.org.ar\/2020\/author\/diegog\/"},"uagb_comment_info":0,"uagb_excerpt":"Artistas que participaron o formaron parte de la Instituci\u00f3n. Desde su fundaci\u00f3n en 1941 y hasta la fecha se realizan muestras de prestigiosos pintores, grabadores, muralistas, escultores, ceramistas, tejedores de tapices, fot\u00f3grafos, etc. PINTORES Jaun C. Castagnino, Emilio Pettoruti, Antonio Berni, Raul Soldi, Benito Quinquela Mart\u00edn, Lino Eneas Spilimbergo, Fortunato Lac\u00e1mera, Miguel A. Victorica, Vicente&hellip;","_links":{"self":[{"href":"http:\/\/gentedearte.org.ar\/2020\/wp-json\/wp\/v2\/pages\/13","targetHints":{"allow":["GET"]}}],"collection":[{"href":"http:\/\/gentedearte.org.ar\/2020\/wp-json\/wp\/v2\/pages"}],"about":[{"href":"http:\/\/gentedearte.org.ar\/2020\/wp-json\/wp\/v2\/types\/page"}],"author":[{"embeddable":true,"href":"http:\/\/gentedearte.org.ar\/2020\/wp-json\/wp\/v2\/users\/3"}],"replies":[{"embeddable":true,"href":"http:\/\/gentedearte.org.ar\/2020\/wp-json\/wp\/v2\/comments?post=13"}],"version-history":[{"count":14,"href":"http:\/\/gentedearte.org.ar\/2020\/wp-json\/wp\/v2\/pages\/13\/revisions"}],"predecessor-version":[{"id":2849,"href":"http:\/\/gentedearte.org.ar\/2020\/wp-json\/wp\/v2\/pages\/13\/revisions\/2849"}],"up":[{"embeddable":true,"href":"http:\/\/gentedearte.org.ar\/2020\/wp-json\/wp\/v2\/pages\/16"}],"wp:attachment":[{"href":"http:\/\/gentedearte.org.ar\/2020\/wp-json\/wp\/v2\/media?parent=13"}],"curies":[{"name":"wp","href":"https:\/\/api.w.org\/{rel}","templated":true}]}}