{"id":113,"date":"2020-03-20T23:02:31","date_gmt":"2020-03-20T23:02:31","guid":{"rendered":"http:\/\/gentedearte.org.ar\/2020\/?page_id=113"},"modified":"2021-03-21T09:34:07","modified_gmt":"2021-03-21T12:34:07","slug":"sede","status":"publish","type":"page","link":"http:\/\/gentedearte.org.ar\/2020\/nosotros\/sede\/","title":{"rendered":"Nuestra Sede"},"content":{"rendered":"\n<p>A partir del a\u00f1o 2013 la sede de Gente de Arte&nbsp; fue completamente refaccionada y&nbsp; actualmente cuenta con&nbsp; instalaciones m\u00e1s adecuadas para sus actividades.&nbsp; Salones y aulas acondicionados.<\/p>\n\n\n\n<h2 class=\"wp-block-heading\">Emblema de Gente de Arte<\/h2>\n\n\n\n<p>El emblema de Gente de Arte creado por Alfredo Sturla muestra una figura altiva de un semidesnudo de mujer en l\u00edneas cl\u00e1sicas, de pi\u00e9 y sustentada por una columna d\u00f3rica a cada lado.&nbsp; &nbsp;Su actitud serena y su porte majestuoso parecen sugerirnos la intemporalidad del arte y la belleza.&nbsp;<\/p>\n","protected":false},"excerpt":{"rendered":"<p>A partir del a\u00f1o 2013 la sede de Gente de Arte&nbsp; fue completamente refaccionada y&nbsp; actualmente cuenta con&nbsp; instalaciones m\u00e1s adecuadas para sus actividades.&nbsp; Salones y aulas acondicionados. Emblema de Gente de Arte El emblema de Gente de Arte creado por Alfredo Sturla muestra una figura altiva de un semidesnudo de mujer en l\u00edneas cl\u00e1sicas, [&hellip;]<\/p>\n","protected":false},"author":3,"featured_media":0,"parent":16,"menu_order":0,"comment_status":"closed","ping_status":"closed","template":"","meta":{"_uag_custom_page_level_css":"","site-sidebar-layout":"default","site-content-layout":"boxed-container","ast-site-content-layout":"","site-content-style":"default","site-sidebar-style":"default","ast-global-header-display":"","ast-banner-title-visibility":"","ast-main-header-display":"","ast-hfb-above-header-display":"","ast-hfb-below-header-display":"","ast-hfb-mobile-header-display":"","site-post-title":"","ast-breadcrumbs-content":"","ast-featured-img":"","footer-sml-layout":"","theme-transparent-header-meta":"default","adv-header-id-meta":"","stick-header-meta":"","header-above-stick-meta":"","header-main-stick-meta":"","header-below-stick-meta":"","astra-migrate-meta-layouts":"default","ast-page-background-enabled":"default","ast-page-background-meta":{"desktop":{"background-color":"var(--ast-global-color-4)","background-image":"","background-repeat":"repeat","background-position":"center center","background-size":"auto","background-attachment":"scroll","background-type":"","background-media":"","overlay-type":"","overlay-color":"","overlay-opacity":"","overlay-gradient":""},"tablet":{"background-color":"","background-image":"","background-repeat":"repeat","background-position":"center center","background-size":"auto","background-attachment":"scroll","background-type":"","background-media":"","overlay-type":"","overlay-color":"","overlay-opacity":"","overlay-gradient":""},"mobile":{"background-color":"","background-image":"","background-repeat":"repeat","background-position":"center center","background-size":"auto","background-attachment":"scroll","background-type":"","background-media":"","overlay-type":"","overlay-color":"","overlay-opacity":"","overlay-gradient":""}},"ast-content-background-meta":{"desktop":{"background-color":"var(--ast-global-color-5)","background-image":"","background-repeat":"repeat","background-position":"center center","background-size":"auto","background-attachment":"scroll","background-type":"","background-media":"","overlay-type":"","overlay-color":"","overlay-opacity":"","overlay-gradient":""},"tablet":{"background-color":"var(--ast-global-color-5)","background-image":"","background-repeat":"repeat","background-position":"center center","background-size":"auto","background-attachment":"scroll","background-type":"","background-media":"","overlay-type":"","overlay-color":"","overlay-opacity":"","overlay-gradient":""},"mobile":{"background-color":"var(--ast-global-color-5)","background-image":"","background-repeat":"repeat","background-position":"center center","background-size":"auto","background-attachment":"scroll","background-type":"","background-media":"","overlay-type":"","overlay-color":"","overlay-opacity":"","overlay-gradient":""}},"footnotes":""},"class_list":["post-113","page","type-page","status-publish","hentry"],"yoast_head":"<!-- This site is optimized with the Yoast SEO plugin v27.4 - https:\/\/yoast.com\/product\/yoast-seo-wordpress\/ -->\n<title>Nuestra Sede - Gente de Arte<\/title>\n<meta name=\"robots\" content=\"index, follow, max-snippet:-1, max-image-preview:large, max-video-preview:-1\" \/>\n<link rel=\"canonical\" href=\"http:\/\/gentedearte.org.ar\/2020\/nosotros\/sede\/\" \/>\n<meta property=\"og:locale\" content=\"es_ES\" \/>\n<meta property=\"og:type\" content=\"article\" \/>\n<meta property=\"og:title\" content=\"Nuestra Sede - Gente de Arte\" \/>\n<meta property=\"og:description\" content=\"A partir del a\u00f1o 2013 la sede de Gente de Arte&nbsp; fue completamente refaccionada y&nbsp; actualmente cuenta con&nbsp; instalaciones m\u00e1s adecuadas para sus actividades.&nbsp; Salones y aulas acondicionados. Emblema de Gente de Arte El emblema de Gente de Arte creado por Alfredo Sturla muestra una figura altiva de un semidesnudo de mujer en l\u00edneas cl\u00e1sicas, [&hellip;]\" \/>\n<meta property=\"og:url\" content=\"http:\/\/gentedearte.org.ar\/2020\/nosotros\/sede\/\" \/>\n<meta property=\"og:site_name\" content=\"Gente de Arte\" \/>\n<meta property=\"article:publisher\" content=\"https:\/\/www.facebook.com\/gentedearte\" \/>\n<meta property=\"article:modified_time\" content=\"2021-03-21T12:34:07+00:00\" \/>\n<meta name=\"twitter:card\" content=\"summary_large_image\" \/>\n<script type=\"application\/ld+json\" class=\"yoast-schema-graph\">{\"@context\":\"https:\\\/\\\/schema.org\",\"@graph\":[{\"@type\":\"WebPage\",\"@id\":\"http:\\\/\\\/gentedearte.org.ar\\\/2020\\\/nosotros\\\/sede\\\/\",\"url\":\"http:\\\/\\\/gentedearte.org.ar\\\/2020\\\/nosotros\\\/sede\\\/\",\"name\":\"Nuestra Sede - Gente de Arte\",\"isPartOf\":{\"@id\":\"http:\\\/\\\/gentedearte.org.ar\\\/2020\\\/#website\"},\"datePublished\":\"2020-03-20T23:02:31+00:00\",\"dateModified\":\"2021-03-21T12:34:07+00:00\",\"breadcrumb\":{\"@id\":\"http:\\\/\\\/gentedearte.org.ar\\\/2020\\\/nosotros\\\/sede\\\/#breadcrumb\"},\"inLanguage\":\"es\",\"potentialAction\":[{\"@type\":\"ReadAction\",\"target\":[\"http:\\\/\\\/gentedearte.org.ar\\\/2020\\\/nosotros\\\/sede\\\/\"]}]},{\"@type\":\"BreadcrumbList\",\"@id\":\"http:\\\/\\\/gentedearte.org.ar\\\/2020\\\/nosotros\\\/sede\\\/#breadcrumb\",\"itemListElement\":[{\"@type\":\"ListItem\",\"position\":1,\"name\":\"Portada\",\"item\":\"http:\\\/\\\/gentedearte.org.ar\\\/2020\\\/\"},{\"@type\":\"ListItem\",\"position\":2,\"name\":\"La Asociaci\u00f3n\",\"item\":\"http:\\\/\\\/gentedearte.org.ar\\\/2020\\\/nosotros\\\/\"},{\"@type\":\"ListItem\",\"position\":3,\"name\":\"Nuestra Sede\"}]},{\"@type\":\"WebSite\",\"@id\":\"http:\\\/\\\/gentedearte.org.ar\\\/2020\\\/#website\",\"url\":\"http:\\\/\\\/gentedearte.org.ar\\\/2020\\\/\",\"name\":\"Gente de Arte\",\"description\":\"Asociaci\u00f3n\",\"publisher\":{\"@id\":\"http:\\\/\\\/gentedearte.org.ar\\\/2020\\\/#organization\"},\"potentialAction\":[{\"@type\":\"SearchAction\",\"target\":{\"@type\":\"EntryPoint\",\"urlTemplate\":\"http:\\\/\\\/gentedearte.org.ar\\\/2020\\\/?s={search_term_string}\"},\"query-input\":{\"@type\":\"PropertyValueSpecification\",\"valueRequired\":true,\"valueName\":\"search_term_string\"}}],\"inLanguage\":\"es\"},{\"@type\":\"Organization\",\"@id\":\"http:\\\/\\\/gentedearte.org.ar\\\/2020\\\/#organization\",\"name\":\"Gente de Arte\",\"url\":\"http:\\\/\\\/gentedearte.org.ar\\\/2020\\\/\",\"logo\":{\"@type\":\"ImageObject\",\"inLanguage\":\"es\",\"@id\":\"http:\\\/\\\/gentedearte.org.ar\\\/2020\\\/#\\\/schema\\\/logo\\\/image\\\/\",\"url\":\"http:\\\/\\\/gentedearte.org.ar\\\/2020\\\/wp-content\\\/uploads\\\/2020\\\/03\\\/gentearte-logo-modificado-tamao-153x159-1.jpg\",\"contentUrl\":\"http:\\\/\\\/gentedearte.org.ar\\\/2020\\\/wp-content\\\/uploads\\\/2020\\\/03\\\/gentearte-logo-modificado-tamao-153x159-1.jpg\",\"width\":153,\"height\":159,\"caption\":\"Gente de Arte\"},\"image\":{\"@id\":\"http:\\\/\\\/gentedearte.org.ar\\\/2020\\\/#\\\/schema\\\/logo\\\/image\\\/\"},\"sameAs\":[\"https:\\\/\\\/www.facebook.com\\\/gentedearte\",\"https:\\\/\\\/www.instagram.com\\\/gente.de.arte\"]}]}<\/script>\n<!-- \/ Yoast SEO plugin. -->","yoast_head_json":{"title":"Nuestra Sede - Gente de Arte","robots":{"index":"index","follow":"follow","max-snippet":"max-snippet:-1","max-image-preview":"max-image-preview:large","max-video-preview":"max-video-preview:-1"},"canonical":"http:\/\/gentedearte.org.ar\/2020\/nosotros\/sede\/","og_locale":"es_ES","og_type":"article","og_title":"Nuestra Sede - Gente de Arte","og_description":"A partir del a\u00f1o 2013 la sede de Gente de Arte&nbsp; fue completamente refaccionada y&nbsp; actualmente cuenta con&nbsp; instalaciones m\u00e1s adecuadas para sus actividades.&nbsp; Salones y aulas acondicionados. Emblema de Gente de Arte El emblema de Gente de Arte creado por Alfredo Sturla muestra una figura altiva de un semidesnudo de mujer en l\u00edneas cl\u00e1sicas, [&hellip;]","og_url":"http:\/\/gentedearte.org.ar\/2020\/nosotros\/sede\/","og_site_name":"Gente de Arte","article_publisher":"https:\/\/www.facebook.com\/gentedearte","article_modified_time":"2021-03-21T12:34:07+00:00","twitter_card":"summary_large_image","schema":{"@context":"https:\/\/schema.org","@graph":[{"@type":"WebPage","@id":"http:\/\/gentedearte.org.ar\/2020\/nosotros\/sede\/","url":"http:\/\/gentedearte.org.ar\/2020\/nosotros\/sede\/","name":"Nuestra Sede - Gente de Arte","isPartOf":{"@id":"http:\/\/gentedearte.org.ar\/2020\/#website"},"datePublished":"2020-03-20T23:02:31+00:00","dateModified":"2021-03-21T12:34:07+00:00","breadcrumb":{"@id":"http:\/\/gentedearte.org.ar\/2020\/nosotros\/sede\/#breadcrumb"},"inLanguage":"es","potentialAction":[{"@type":"ReadAction","target":["http:\/\/gentedearte.org.ar\/2020\/nosotros\/sede\/"]}]},{"@type":"BreadcrumbList","@id":"http:\/\/gentedearte.org.ar\/2020\/nosotros\/sede\/#breadcrumb","itemListElement":[{"@type":"ListItem","position":1,"name":"Portada","item":"http:\/\/gentedearte.org.ar\/2020\/"},{"@type":"ListItem","position":2,"name":"La Asociaci\u00f3n","item":"http:\/\/gentedearte.org.ar\/2020\/nosotros\/"},{"@type":"ListItem","position":3,"name":"Nuestra Sede"}]},{"@type":"WebSite","@id":"http:\/\/gentedearte.org.ar\/2020\/#website","url":"http:\/\/gentedearte.org.ar\/2020\/","name":"Gente de Arte","description":"Asociaci\u00f3n","publisher":{"@id":"http:\/\/gentedearte.org.ar\/2020\/#organization"},"potentialAction":[{"@type":"SearchAction","target":{"@type":"EntryPoint","urlTemplate":"http:\/\/gentedearte.org.ar\/2020\/?s={search_term_string}"},"query-input":{"@type":"PropertyValueSpecification","valueRequired":true,"valueName":"search_term_string"}}],"inLanguage":"es"},{"@type":"Organization","@id":"http:\/\/gentedearte.org.ar\/2020\/#organization","name":"Gente de Arte","url":"http:\/\/gentedearte.org.ar\/2020\/","logo":{"@type":"ImageObject","inLanguage":"es","@id":"http:\/\/gentedearte.org.ar\/2020\/#\/schema\/logo\/image\/","url":"http:\/\/gentedearte.org.ar\/2020\/wp-content\/uploads\/2020\/03\/gentearte-logo-modificado-tamao-153x159-1.jpg","contentUrl":"http:\/\/gentedearte.org.ar\/2020\/wp-content\/uploads\/2020\/03\/gentearte-logo-modificado-tamao-153x159-1.jpg","width":153,"height":159,"caption":"Gente de Arte"},"image":{"@id":"http:\/\/gentedearte.org.ar\/2020\/#\/schema\/logo\/image\/"},"sameAs":["https:\/\/www.facebook.com\/gentedearte","https:\/\/www.instagram.com\/gente.de.arte"]}]}},"uagb_featured_image_src":{"full":false,"thumbnail":false,"medium":false,"medium_large":false,"large":false,"1536x1536":false,"2048x2048":false,"woocommerce_thumbnail":false,"woocommerce_single":false,"woocommerce_gallery_thumbnail":false},"uagb_author_info":{"display_name":"Diego G\u00f3mez","author_link":"http:\/\/gentedearte.org.ar\/2020\/author\/diegog\/"},"uagb_comment_info":0,"uagb_excerpt":"A partir del a\u00f1o 2013 la sede de Gente de Arte&nbsp; fue completamente refaccionada y&nbsp; actualmente cuenta con&nbsp; instalaciones m\u00e1s adecuadas para sus actividades.&nbsp; Salones y aulas acondicionados. Emblema de Gente de Arte El emblema de Gente de Arte creado por Alfredo Sturla muestra una figura altiva de un semidesnudo de mujer en l\u00edneas cl\u00e1sicas,&hellip;","_links":{"self":[{"href":"http:\/\/gentedearte.org.ar\/2020\/wp-json\/wp\/v2\/pages\/113","targetHints":{"allow":["GET"]}}],"collection":[{"href":"http:\/\/gentedearte.org.ar\/2020\/wp-json\/wp\/v2\/pages"}],"about":[{"href":"http:\/\/gentedearte.org.ar\/2020\/wp-json\/wp\/v2\/types\/page"}],"author":[{"embeddable":true,"href":"http:\/\/gentedearte.org.ar\/2020\/wp-json\/wp\/v2\/users\/3"}],"replies":[{"embeddable":true,"href":"http:\/\/gentedearte.org.ar\/2020\/wp-json\/wp\/v2\/comments?post=113"}],"version-history":[{"count":4,"href":"http:\/\/gentedearte.org.ar\/2020\/wp-json\/wp\/v2\/pages\/113\/revisions"}],"predecessor-version":[{"id":1455,"href":"http:\/\/gentedearte.org.ar\/2020\/wp-json\/wp\/v2\/pages\/113\/revisions\/1455"}],"up":[{"embeddable":true,"href":"http:\/\/gentedearte.org.ar\/2020\/wp-json\/wp\/v2\/pages\/16"}],"wp:attachment":[{"href":"http:\/\/gentedearte.org.ar\/2020\/wp-json\/wp\/v2\/media?parent=113"}],"curies":[{"name":"wp","href":"https:\/\/api.w.org\/{rel}","templated":true}]}}